{"id":10,"date":"2017-07-09T12:40:17","date_gmt":"2017-07-09T10:40:17","guid":{"rendered":"http:\/\/www.chateaudepuicheric.fr\/de\/?page_id=10"},"modified":"2023-04-16T10:45:26","modified_gmt":"2023-04-16T08:45:26","slug":"praktisches","status":"publish","type":"page","link":"https:\/\/www.chateaudepuicheric.fr\/de\/praktisches\/","title":{"rendered":"Praktisches"},"content":{"rendered":"<p><b>Kontaktadresse<\/b><br \/>\nDominica Teuschl &amp; Philippe Gouze<br \/>\n2 rue de l&#8217;\u00e9glise, 11700 Puich\u00e9ric<br \/>\nGPS : N 43\u00b0 13&#8242; 26.6, E 002\u00b0 37&#8242; 27.3<br \/>\nTel :\u00a0<a href=\"tel:[+33602337429]\">[+33 6 02 33 74 29]<\/a>\u00a0 \u00a0<a href=\"tel:[+33468754095]\">[+33 4 68 75 40 95]<\/a><\/p>\n<p><b>Bezahlung<\/b><br \/>\nKreditkarte (+1,7%), bar, mittels Scheck oder \u00dcberweisung.<\/p>\n<p><b>Gesch\u00e4fte\u00a0<\/b><br \/>\nIm Ort gibt es , 5 Minuten zu Fuss, B\u00e4ckerei, Fleischhauer, 2 unabh\u00e4ngige Winzereikeller, einen kleinen Super-Markt, eine Apotheke und eine Pizzeria Donatella : +33468122010.<\/p>\n<p><b>Anfahrt<\/b><br \/>\n<b>Per Fahrrad<\/b> : ca. 700 m vom Canal du Midi entfernt. An der Steinbr\u00fccke Richtung Puich\u00e9ric abbiegen, ma sieht von Weitem die Kirche und den mittelalterlichen Turm, woran Sie sich orientieren k\u00f6nnen. Wenn Sie entlang der Burgmauer gehen, finden Sie auch den Eingang zum ch\u00e2teau.<\/p>\n<p><a href=\"https:\/\/www.chateaudepuicheric.fr\/de\/wp-content\/media\/sites\/4\/2018\/06\/Chemins-canal.jpg\"><img decoding=\"async\" class=\"alignnone wp-image-189 size-large\" src=\"https:\/\/www.chateaudepuicheric.fr\/de\/wp-content\/media\/sites\/4\/2018\/06\/Chemins-canal-1024x582.jpg\" alt=\"\" width=\"768\" height=\"437\" srcset=\"https:\/\/www.chateaudepuicheric.fr\/de\/wp-content\/media\/sites\/4\/2018\/06\/Chemins-canal-1024x582.jpg 1024w, https:\/\/www.chateaudepuicheric.fr\/de\/wp-content\/media\/sites\/4\/2018\/06\/Chemins-canal-300x170.jpg 300w, https:\/\/www.chateaudepuicheric.fr\/de\/wp-content\/media\/sites\/4\/2018\/06\/Chemins-canal-768x436.jpg 768w, https:\/\/www.chateaudepuicheric.fr\/de\/wp-content\/media\/sites\/4\/2018\/06\/Chemins-canal-600x341.jpg 600w, https:\/\/www.chateaudepuicheric.fr\/de\/wp-content\/media\/sites\/4\/2018\/06\/Chemins-canal.jpg 1026w\" sizes=\"(max-width: 768px) 100vw, 768px\" \/><\/a><\/p>\n<p><b>Per Auto\u00a0<\/b>: \u00a0Auf der &#8222;Minervoise&#8220; (D610) zwischen Carcassonne (25 min) und\u00a0 Narbonne 35 min entfernt, an dem kleinen B\u00e4chlein &#8222;Rigole&#8220; rechts , bzw. links abbiegen (Schild) und ca. 150m danach wieder rechts abbiegen (Schild). Sie befinden sich dann auf einem Parkplatz unter der Burgmauer, folgen der Strasse unter dem Burg-Turm und finden einen kleinen Platz (Rue du Perron\/Rue de l&#8217;\u00e9glise), wo Sie ihr Auto abstellen k\u00f6nnen (<strong>NICHT in die Rue de l&#8217;\u00e9glise fahren, sie wird immer enger!!!<\/strong>). Um&#8217;s Eck die Stiegen hinauf sind Sie auch schon am Burgeingang!<\/p>\n<div class=\"map-responsive\"><iframe loading=\"lazy\" style=\"border: 0;\" src=\"https:\/\/www.google.com\/maps\/embed?pb=!1m18!1m12!1m3!1d2430.702712091497!2d2.624358000000046!3d43.22422700611295!2m3!1f0!2f0!3f0!3m2!1i1024!2i768!4f13.1!3m3!1m2!1s0x0:0x2530444d0ba2767!2sCh%C3%A2teau+de+Puicheric!5e1!3m2!1sfr!2sfr!4v1410944426150\" width=\"720\" height=\"540\" frameborder=\"0\"><\/iframe><\/div>\n<p><img decoding=\"async\" class=\"alignnone wp-image-49\" src=\"\/wp-content\/uploads\/sites\/2\/2017\/06\/Plan_acces.jpg\" alt=\"\" width=\"720\" height=\"360\" \/><\/p>\n<h3 class=\"widget-title\">Kedit<\/h3>\n<p>\u00dcbersetzung : English : Fronza Woods &amp; Simon Pleasance,\u00a0Espa\u00f1ol : Emma Galy<\/p>\n<h3 class=\"widget-title\">Partnerseiten<\/h3>\n<p><script src=\"http:\/\/www.jscache.com\/wejs?wtype=selfserveprop&amp;uniq=188&amp;locationId=4162071&amp;lang=fr&amp;rating=true&amp;nreviews=4&amp;writereviewlink=true&amp;popIdx=true&amp;iswide=true&amp;border=true\"><\/script><a href=\"https:\/\/www.sawdays.co.uk\" target=\"_blank\" rel=\"noopener noreferrer\"><img decoding=\"async\" src=\"https:\/\/www.chateaudepuicheric.fr\/wp-content\/media\/sawdays.png\" alt=\"Sawday's\" width=\"100\" height=\"40\" \/><\/a>\u00a0<a href=\"https:\/\/www.relaxbiketours.com\/fr\/homepage.htm\" target=\"_blank\" rel=\"noopener noreferrer\"><img decoding=\"async\" src=\"\/wp-content\/media\/relax_rentals.gif\" width=\"70\" height=\"70\" border=\"0\" \/><\/a> \u00a0 \u00a0\u00a0<a href=\"https:\/\/www.cybevasion.fr\/chambres-hotes-chateau-de-puicheric-puicheric-e29620.html\" target=\"_blank\" rel=\"noopener noreferrer\"><img decoding=\"async\" src=\"https:\/\/www.cybevasion.fr\/lib3\/logo_header2.png\" width=\"150\" height=\"28\" \/><\/a> <a style=\"font-family: 'trebuchet ms', sans-serif; font-size: x-large;\" href=\"https:\/\/www.france-voyage.com\/communes\/puicheric-854\/chateau-puicheric-15819.htm\" target=\"_blank\" rel=\"noopener noreferrer\"><img decoding=\"async\" title=\"Ch\u00e2teau de Puich\u00e9ric\" src=\"https:\/\/www.france-voyage.com\/visuals\/common\/france-voyage.com.gif\" width=\"100\" height=\"33\" border=\"0\" \/><\/a><a href=\"http:\/\/www.chateau-fort-manoir-chateau.eu\/chateaux-aude-chateau-a-puicheric-chateau-de-puicheric.html\" target=\"_blank\" rel=\"noopener noreferrer\"><img decoding=\"async\" src=\" https:\/\/www.chateaudepuicheric.fr\/wp-content\/media\/historique-france.jpg\" alt=\"ch\u00e2teaux de France\" width=\"150\" height=\"46\" \/><\/a><a href=\"https:\/\/www.canaldumidi.bike\" target=\"_blank\" rel=\"noopener noreferrer\"><img decoding=\"async\" src=\"https:\/\/www.chateaudepuicheric.fr\/wp-content\/media\/canaldumidibikelogo.gif\" alt=\"Canal du Midi \u00e0 V\u00e9lo\" width=\"150\" height=\"37\" \/><\/a><a href=\"https:\/\/www.circuitalacarte.com\/\" target=\"_blank\" rel=\"noopener noreferrer\"><img decoding=\"async\" src=\"https:\/\/www.chateaudepuicheric.fr\/wp-content\/media\/logocircuit.jpg\" alt=\"Circuit \u00e0 la Carte\" width=\"150\" height=\"37\" \/><\/a> <a href=\"https:\/\/www.ancv.com\/\" target=\"_blank\" rel=\"noopener noreferrer\"><img decoding=\"async\" class=\"alignnone\" src=\"https:\/\/www.chateaudepuicheric.fr\/wp-content\/media\/ancv.gif\" alt=\"Accueil\" width=\"50\" height=\"50\" \/><\/a><a href=\"https:\/\/www.francevelotourisme.com\/base-1\/troncons\/le-canal-du-midi-a-velo-de-carcassonne-a-le-somail\"><img decoding=\"async\" class=\"alignnone size-thumbnail wp-image-405\" src=\"https:\/\/www.chateaudepuicheric.fr\/wp-content\/media\/Logo-Accueil-V\u00e9lo-150x150.jpg\" alt=\"Accueil V\u00e9lo\" width=\"50\" height=\"50\" \/><\/a><\/p>\n<div class=\"fb-like-box\" data-colorscheme=\"light\" data-header=\"true\" data-href=\"https:\/\/www.facebook.com\/pages\/Ch%C3%A2teau-de-Puich%C3%A9ric\/469809423082370\" data-show-border=\"true\" data-show-faces=\"false\" data-stream=\"false\"><\/div>\n<div id=\"fb-root\"><\/div>\n<p><script>(function(d, s, id) {<br \/>\nvar js, fjs = d.getElementsByTagName(s)[0];<br \/>\nif (d.getElementById(id)) return;<br \/>\njs = d.createElement(s); js.id = id;<br \/>\njs.src = \"\/\/connect.facebook.net\/fr_FR\/sdk.js#xfbml=1&version=v2.0\";<br \/>\nfjs.parentNode.insertBefore(js, fjs);<br \/>\n}(document, 'script', 'facebook-jssdk'));<\/script><\/p>\n","protected":false},"excerpt":{"rendered":"<p>Kontaktadresse Dominica Teuschl &amp; Philippe Gouze 2 rue de l&#8217;\u00e9glise, 11700 Puich\u00e9ric GPS : N 43\u00b0 13&#8242; 26.6, E 002\u00b0 37&#8242; 27.3 Tel :\u00a0[+33 6 02 33 74 29]\u00a0 \u00a0[+33 4 68 75 40 95] Bezahlung Kreditkarte (+1,7%), bar, mittels Scheck oder \u00dcberweisung. Gesch\u00e4fte\u00a0 Im Ort gibt es , 5 Minuten zu Fuss, B\u00e4ckerei, Fleischhauer, &#8230; <a title=\"Praktisches\" class=\"read-more\" href=\"https:\/\/www.chateaudepuicheric.fr\/de\/praktisches\/\" aria-label=\"Mehr Informationen \u00fcber Praktisches\">Weiterlesen &#8230;<\/a><\/p>\n","protected":false},"author":1,"featured_media":0,"parent":0,"menu_order":5,"comment_status":"closed","ping_status":"closed","template":"","meta":{"footnotes":""},"class_list":["post-10","page","type-page","status-publish"],"yoast_head":"<!-- This site is optimized with the Yoast SEO plugin v27.5 - https:\/\/yoast.com\/product\/yoast-seo-wordpress\/ -->\n<title>Praktisches - Fr\u00fchst\u00fcckspension<\/title>\n<meta name=\"robots\" content=\"index, follow, max-snippet:-1, max-image-preview:large, max-video-preview:-1\" \/>\n<link rel=\"canonical\" href=\"https:\/\/www.chateaudepuicheric.fr\/de\/praktisches\/\" \/>\n<meta property=\"og:locale\" content=\"de_DE\" \/>\n<meta property=\"og:type\" content=\"article\" \/>\n<meta property=\"og:title\" content=\"Praktisches - Fr\u00fchst\u00fcckspension\" \/>\n<meta property=\"og:description\" content=\"Kontaktadresse Dominica Teuschl &amp; Philippe Gouze 2 rue de l&#8217;\u00e9glise, 11700 Puich\u00e9ric GPS : N 43\u00b0 13&#8242; 26.6, E 002\u00b0 37&#8242; 27.3 Tel :\u00a0[+33 6 02 33 74 29]\u00a0 \u00a0[+33 4 68 75 40 95] Bezahlung Kreditkarte (+1,7%), bar, mittels Scheck oder \u00dcberweisung. Gesch\u00e4fte\u00a0 Im Ort gibt es , 5 Minuten zu Fuss, B\u00e4ckerei, Fleischhauer, ... Weiterlesen ...\" \/>\n<meta property=\"og:url\" content=\"https:\/\/www.chateaudepuicheric.fr\/de\/praktisches\/\" \/>\n<meta property=\"og:site_name\" content=\"Fr\u00fchst\u00fcckspension\" \/>\n<meta property=\"article:modified_time\" content=\"2023-04-16T08:45:26+00:00\" \/>\n<meta property=\"og:image\" content=\"https:\/\/www.chateaudepuicheric.fr\/de\/wp-content\/media\/sites\/4\/2018\/06\/Chemins-canal-1024x582.jpg\" \/>\n<meta name=\"twitter:card\" content=\"summary_large_image\" \/>\n<meta name=\"twitter:label1\" content=\"Gesch\u00e4tzte Lesezeit\" \/>\n\t<meta name=\"twitter:data1\" content=\"4\u00a0Minuten\" \/>\n<script type=\"application\/ld+json\" class=\"yoast-schema-graph\">{\"@context\":\"https:\\\/\\\/schema.org\",\"@graph\":[{\"@type\":\"WebPage\",\"@id\":\"https:\\\/\\\/www.chateaudepuicheric.fr\\\/de\\\/praktisches\\\/\",\"url\":\"https:\\\/\\\/www.chateaudepuicheric.fr\\\/de\\\/praktisches\\\/\",\"name\":\"Praktisches - Fr\u00fchst\u00fcckspension\",\"isPartOf\":{\"@id\":\"https:\\\/\\\/www.chateaudepuicheric.fr\\\/de\\\/#website\"},\"primaryImageOfPage\":{\"@id\":\"https:\\\/\\\/www.chateaudepuicheric.fr\\\/de\\\/praktisches\\\/#primaryimage\"},\"image\":{\"@id\":\"https:\\\/\\\/www.chateaudepuicheric.fr\\\/de\\\/praktisches\\\/#primaryimage\"},\"thumbnailUrl\":\"https:\\\/\\\/www.chateaudepuicheric.fr\\\/de\\\/wp-content\\\/media\\\/sites\\\/4\\\/2018\\\/06\\\/Chemins-canal-1024x582.jpg\",\"datePublished\":\"2017-07-09T10:40:17+00:00\",\"dateModified\":\"2023-04-16T08:45:26+00:00\",\"breadcrumb\":{\"@id\":\"https:\\\/\\\/www.chateaudepuicheric.fr\\\/de\\\/praktisches\\\/#breadcrumb\"},\"inLanguage\":\"de\",\"potentialAction\":[{\"@type\":\"ReadAction\",\"target\":[\"https:\\\/\\\/www.chateaudepuicheric.fr\\\/de\\\/praktisches\\\/\"]}]},{\"@type\":\"ImageObject\",\"inLanguage\":\"de\",\"@id\":\"https:\\\/\\\/www.chateaudepuicheric.fr\\\/de\\\/praktisches\\\/#primaryimage\",\"url\":\"https:\\\/\\\/www.chateaudepuicheric.fr\\\/de\\\/wp-content\\\/media\\\/sites\\\/4\\\/2018\\\/06\\\/Chemins-canal.jpg\",\"contentUrl\":\"https:\\\/\\\/www.chateaudepuicheric.fr\\\/de\\\/wp-content\\\/media\\\/sites\\\/4\\\/2018\\\/06\\\/Chemins-canal.jpg\",\"width\":1026,\"height\":583},{\"@type\":\"BreadcrumbList\",\"@id\":\"https:\\\/\\\/www.chateaudepuicheric.fr\\\/de\\\/praktisches\\\/#breadcrumb\",\"itemListElement\":[{\"@type\":\"ListItem\",\"position\":1,\"name\":\"Accueil\",\"item\":\"https:\\\/\\\/www.chateaudepuicheric.fr\\\/de\\\/\"},{\"@type\":\"ListItem\",\"position\":2,\"name\":\"Praktisches\"}]},{\"@type\":\"WebSite\",\"@id\":\"https:\\\/\\\/www.chateaudepuicheric.fr\\\/de\\\/#website\",\"url\":\"https:\\\/\\\/www.chateaudepuicheric.fr\\\/de\\\/\",\"name\":\"Fr\u00fchst\u00fcckspension\",\"description\":\" Fr\u00fchst\u00fcckspension in einer mittelalterlichen Burg\",\"publisher\":{\"@id\":\"https:\\\/\\\/www.chateaudepuicheric.fr\\\/de\\\/#organization\"},\"potentialAction\":[{\"@type\":\"SearchAction\",\"target\":{\"@type\":\"EntryPoint\",\"urlTemplate\":\"https:\\\/\\\/www.chateaudepuicheric.fr\\\/de\\\/?s={search_term_string}\"},\"query-input\":{\"@type\":\"PropertyValueSpecification\",\"valueRequired\":true,\"valueName\":\"search_term_string\"}}],\"inLanguage\":\"de\"},{\"@type\":\"Organization\",\"@id\":\"https:\\\/\\\/www.chateaudepuicheric.fr\\\/de\\\/#organization\",\"name\":\"Fr\u00fchst\u00fcckspension\",\"url\":\"https:\\\/\\\/www.chateaudepuicheric.fr\\\/de\\\/\",\"logo\":{\"@type\":\"ImageObject\",\"inLanguage\":\"de\",\"@id\":\"https:\\\/\\\/www.chateaudepuicheric.fr\\\/de\\\/#\\\/schema\\\/logo\\\/image\\\/\",\"url\":\"https:\\\/\\\/www.chateaudepuicheric.fr\\\/de\\\/wp-content\\\/media\\\/sites\\\/4\\\/2020\\\/02\\\/cropped-Logo-Ch\u00e2teau-de-Puich\u00e9ric_modifi\u00e9-4.png\",\"contentUrl\":\"https:\\\/\\\/www.chateaudepuicheric.fr\\\/de\\\/wp-content\\\/media\\\/sites\\\/4\\\/2020\\\/02\\\/cropped-Logo-Ch\u00e2teau-de-Puich\u00e9ric_modifi\u00e9-4.png\",\"width\":790,\"height\":158,\"caption\":\" Fr\u00fchst\u00fcckspension\"},\"image\":{\"@id\":\"https:\\\/\\\/www.chateaudepuicheric.fr\\\/de\\\/#\\\/schema\\\/logo\\\/image\\\/\"}}]}<\/script>\n<!-- \/ Yoast SEO plugin. -->","yoast_head_json":{"title":"Praktisches - Fr\u00fchst\u00fcckspension","robots":{"index":"index","follow":"follow","max-snippet":"max-snippet:-1","max-image-preview":"max-image-preview:large","max-video-preview":"max-video-preview:-1"},"canonical":"https:\/\/www.chateaudepuicheric.fr\/de\/praktisches\/","og_locale":"de_DE","og_type":"article","og_title":"Praktisches - Fr\u00fchst\u00fcckspension","og_description":"Kontaktadresse Dominica Teuschl &amp; Philippe Gouze 2 rue de l&#8217;\u00e9glise, 11700 Puich\u00e9ric GPS : N 43\u00b0 13&#8242; 26.6, E 002\u00b0 37&#8242; 27.3 Tel :\u00a0[+33 6 02 33 74 29]\u00a0 \u00a0[+33 4 68 75 40 95] Bezahlung Kreditkarte (+1,7%), bar, mittels Scheck oder \u00dcberweisung. Gesch\u00e4fte\u00a0 Im Ort gibt es , 5 Minuten zu Fuss, B\u00e4ckerei, Fleischhauer, ... Weiterlesen ...","og_url":"https:\/\/www.chateaudepuicheric.fr\/de\/praktisches\/","og_site_name":"Fr\u00fchst\u00fcckspension","article_modified_time":"2023-04-16T08:45:26+00:00","og_image":[{"url":"https:\/\/www.chateaudepuicheric.fr\/de\/wp-content\/media\/sites\/4\/2018\/06\/Chemins-canal-1024x582.jpg","type":"","width":"","height":""}],"twitter_card":"summary_large_image","twitter_misc":{"Gesch\u00e4tzte Lesezeit":"4\u00a0Minuten"},"schema":{"@context":"https:\/\/schema.org","@graph":[{"@type":"WebPage","@id":"https:\/\/www.chateaudepuicheric.fr\/de\/praktisches\/","url":"https:\/\/www.chateaudepuicheric.fr\/de\/praktisches\/","name":"Praktisches - Fr\u00fchst\u00fcckspension","isPartOf":{"@id":"https:\/\/www.chateaudepuicheric.fr\/de\/#website"},"primaryImageOfPage":{"@id":"https:\/\/www.chateaudepuicheric.fr\/de\/praktisches\/#primaryimage"},"image":{"@id":"https:\/\/www.chateaudepuicheric.fr\/de\/praktisches\/#primaryimage"},"thumbnailUrl":"https:\/\/www.chateaudepuicheric.fr\/de\/wp-content\/media\/sites\/4\/2018\/06\/Chemins-canal-1024x582.jpg","datePublished":"2017-07-09T10:40:17+00:00","dateModified":"2023-04-16T08:45:26+00:00","breadcrumb":{"@id":"https:\/\/www.chateaudepuicheric.fr\/de\/praktisches\/#breadcrumb"},"inLanguage":"de","potentialAction":[{"@type":"ReadAction","target":["https:\/\/www.chateaudepuicheric.fr\/de\/praktisches\/"]}]},{"@type":"ImageObject","inLanguage":"de","@id":"https:\/\/www.chateaudepuicheric.fr\/de\/praktisches\/#primaryimage","url":"https:\/\/www.chateaudepuicheric.fr\/de\/wp-content\/media\/sites\/4\/2018\/06\/Chemins-canal.jpg","contentUrl":"https:\/\/www.chateaudepuicheric.fr\/de\/wp-content\/media\/sites\/4\/2018\/06\/Chemins-canal.jpg","width":1026,"height":583},{"@type":"BreadcrumbList","@id":"https:\/\/www.chateaudepuicheric.fr\/de\/praktisches\/#breadcrumb","itemListElement":[{"@type":"ListItem","position":1,"name":"Accueil","item":"https:\/\/www.chateaudepuicheric.fr\/de\/"},{"@type":"ListItem","position":2,"name":"Praktisches"}]},{"@type":"WebSite","@id":"https:\/\/www.chateaudepuicheric.fr\/de\/#website","url":"https:\/\/www.chateaudepuicheric.fr\/de\/","name":"Fr\u00fchst\u00fcckspension","description":" Fr\u00fchst\u00fcckspension in einer mittelalterlichen Burg","publisher":{"@id":"https:\/\/www.chateaudepuicheric.fr\/de\/#organization"},"potentialAction":[{"@type":"SearchAction","target":{"@type":"EntryPoint","urlTemplate":"https:\/\/www.chateaudepuicheric.fr\/de\/?s={search_term_string}"},"query-input":{"@type":"PropertyValueSpecification","valueRequired":true,"valueName":"search_term_string"}}],"inLanguage":"de"},{"@type":"Organization","@id":"https:\/\/www.chateaudepuicheric.fr\/de\/#organization","name":"Fr\u00fchst\u00fcckspension","url":"https:\/\/www.chateaudepuicheric.fr\/de\/","logo":{"@type":"ImageObject","inLanguage":"de","@id":"https:\/\/www.chateaudepuicheric.fr\/de\/#\/schema\/logo\/image\/","url":"https:\/\/www.chateaudepuicheric.fr\/de\/wp-content\/media\/sites\/4\/2020\/02\/cropped-Logo-Ch\u00e2teau-de-Puich\u00e9ric_modifi\u00e9-4.png","contentUrl":"https:\/\/www.chateaudepuicheric.fr\/de\/wp-content\/media\/sites\/4\/2020\/02\/cropped-Logo-Ch\u00e2teau-de-Puich\u00e9ric_modifi\u00e9-4.png","width":790,"height":158,"caption":" Fr\u00fchst\u00fcckspension"},"image":{"@id":"https:\/\/www.chateaudepuicheric.fr\/de\/#\/schema\/logo\/image\/"}}]}},"_links":{"self":[{"href":"https:\/\/www.chateaudepuicheric.fr\/de\/wp-json\/wp\/v2\/pages\/10","targetHints":{"allow":["GET"]}}],"collection":[{"href":"https:\/\/www.chateaudepuicheric.fr\/de\/wp-json\/wp\/v2\/pages"}],"about":[{"href":"https:\/\/www.chateaudepuicheric.fr\/de\/wp-json\/wp\/v2\/types\/page"}],"author":[{"embeddable":true,"href":"https:\/\/www.chateaudepuicheric.fr\/de\/wp-json\/wp\/v2\/users\/1"}],"replies":[{"embeddable":true,"href":"https:\/\/www.chateaudepuicheric.fr\/de\/wp-json\/wp\/v2\/comments?post=10"}],"version-history":[{"count":0,"href":"https:\/\/www.chateaudepuicheric.fr\/de\/wp-json\/wp\/v2\/pages\/10\/revisions"}],"wp:attachment":[{"href":"https:\/\/www.chateaudepuicheric.fr\/de\/wp-json\/wp\/v2\/media?parent=10"}],"curies":[{"name":"wp","href":"https:\/\/api.w.org\/{rel}","templated":true}]}}