{"id":146,"date":"2018-02-11T14:34:01","date_gmt":"2018-02-11T13:34:01","guid":{"rendered":"https:\/\/www.chateaudepuicheric.fr\/en\/?page_id=146"},"modified":"2018-04-16T14:08:38","modified_gmt":"2018-04-16T12:08:38","slug":"basket","status":"publish","type":"page","link":"https:\/\/www.chateaudepuicheric.fr\/en\/basket\/","title":{"rendered":"Basket"},"content":{"rendered":"\n","protected":false},"excerpt":{"rendered":"","protected":false},"author":1,"featured_media":0,"parent":0,"menu_order":11,"comment_status":"closed","ping_status":"closed","template":"","meta":{"footnotes":""},"class_list":["post-146","page","type-page","status-publish"],"yoast_head":"<!-- This site is optimized with the Yoast SEO plugin v27.3 - https:\/\/yoast.com\/product\/yoast-seo-wordpress\/ -->\n<title>Basket - Ch\u00e2teau de Puich\u00e9ric - B&amp;B<\/title>\n<meta name=\"robots\" content=\"index, follow, max-snippet:-1, max-image-preview:large, max-video-preview:-1\" \/>\n<link rel=\"canonical\" href=\"https:\/\/www.chateaudepuicheric.fr\/en\/basket\/\" \/>\n<meta property=\"og:locale\" content=\"en_US\" \/>\n<meta property=\"og:type\" content=\"article\" \/>\n<meta property=\"og:title\" content=\"Basket - Ch\u00e2teau de Puich\u00e9ric - B&amp;B\" \/>\n<meta property=\"og:url\" content=\"https:\/\/www.chateaudepuicheric.fr\/en\/basket\/\" \/>\n<meta property=\"og:site_name\" content=\"Ch\u00e2teau de Puich\u00e9ric - B&amp;B\" \/>\n<meta property=\"article:modified_time\" content=\"2018-04-16T12:08:38+00:00\" \/>\n<meta name=\"twitter:card\" content=\"summary_large_image\" \/>\n<script type=\"application\/ld+json\" class=\"yoast-schema-graph\">{\"@context\":\"https:\\\/\\\/schema.org\",\"@graph\":[{\"@type\":\"WebPage\",\"@id\":\"https:\\\/\\\/www.chateaudepuicheric.fr\\\/en\\\/basket\\\/\",\"url\":\"https:\\\/\\\/www.chateaudepuicheric.fr\\\/en\\\/basket\\\/\",\"name\":\"Basket - Ch\u00e2teau de Puich\u00e9ric - B&amp;B\",\"isPartOf\":{\"@id\":\"https:\\\/\\\/www.chateaudepuicheric.fr\\\/en\\\/#website\"},\"datePublished\":\"2018-02-11T13:34:01+00:00\",\"dateModified\":\"2018-04-16T12:08:38+00:00\",\"breadcrumb\":{\"@id\":\"https:\\\/\\\/www.chateaudepuicheric.fr\\\/en\\\/basket\\\/#breadcrumb\"},\"inLanguage\":\"en-US\",\"potentialAction\":[{\"@type\":\"ReadAction\",\"target\":[\"https:\\\/\\\/www.chateaudepuicheric.fr\\\/en\\\/basket\\\/\"]}]},{\"@type\":\"BreadcrumbList\",\"@id\":\"https:\\\/\\\/www.chateaudepuicheric.fr\\\/en\\\/basket\\\/#breadcrumb\",\"itemListElement\":[{\"@type\":\"ListItem\",\"position\":1,\"name\":\"Accueil\",\"item\":\"https:\\\/\\\/www.chateaudepuicheric.fr\\\/en\\\/\"},{\"@type\":\"ListItem\",\"position\":2,\"name\":\"Basket\"}]},{\"@type\":\"WebSite\",\"@id\":\"https:\\\/\\\/www.chateaudepuicheric.fr\\\/en\\\/#website\",\"url\":\"https:\\\/\\\/www.chateaudepuicheric.fr\\\/en\\\/\",\"name\":\"Ch\u00e2teau de Puich\u00e9ric - B&amp;B\",\"description\":\"Castle Carcassonne\",\"publisher\":{\"@id\":\"https:\\\/\\\/www.chateaudepuicheric.fr\\\/en\\\/#organization\"},\"potentialAction\":[{\"@type\":\"SearchAction\",\"target\":{\"@type\":\"EntryPoint\",\"urlTemplate\":\"https:\\\/\\\/www.chateaudepuicheric.fr\\\/en\\\/?s={search_term_string}\"},\"query-input\":{\"@type\":\"PropertyValueSpecification\",\"valueRequired\":true,\"valueName\":\"search_term_string\"}}],\"inLanguage\":\"en-US\"},{\"@type\":\"Organization\",\"@id\":\"https:\\\/\\\/www.chateaudepuicheric.fr\\\/en\\\/#organization\",\"name\":\"Ch\u00e2teau de Puich\u00e9ric - B&amp;B\",\"url\":\"https:\\\/\\\/www.chateaudepuicheric.fr\\\/en\\\/\",\"logo\":{\"@type\":\"ImageObject\",\"inLanguage\":\"en-US\",\"@id\":\"https:\\\/\\\/www.chateaudepuicheric.fr\\\/en\\\/#\\\/schema\\\/logo\\\/image\\\/\",\"url\":\"https:\\\/\\\/www.chateaudepuicheric.fr\\\/en\\\/wp-content\\\/media\\\/sites\\\/3\\\/Logo-Ch\u00e2teau-de-Puich\u00e9ric-4.png\",\"contentUrl\":\"https:\\\/\\\/www.chateaudepuicheric.fr\\\/en\\\/wp-content\\\/media\\\/sites\\\/3\\\/Logo-Ch\u00e2teau-de-Puich\u00e9ric-4.png\",\"width\":1170,\"height\":155,\"caption\":\"Ch\u00e2teau de Puich\u00e9ric - B&amp;B\"},\"image\":{\"@id\":\"https:\\\/\\\/www.chateaudepuicheric.fr\\\/en\\\/#\\\/schema\\\/logo\\\/image\\\/\"}}]}<\/script>\n<!-- \/ Yoast SEO plugin. -->","yoast_head_json":{"title":"Basket - Ch\u00e2teau de Puich\u00e9ric - B&amp;B","robots":{"index":"index","follow":"follow","max-snippet":"max-snippet:-1","max-image-preview":"max-image-preview:large","max-video-preview":"max-video-preview:-1"},"canonical":"https:\/\/www.chateaudepuicheric.fr\/en\/basket\/","og_locale":"en_US","og_type":"article","og_title":"Basket - Ch\u00e2teau de Puich\u00e9ric - B&amp;B","og_url":"https:\/\/www.chateaudepuicheric.fr\/en\/basket\/","og_site_name":"Ch\u00e2teau de Puich\u00e9ric - B&amp;B","article_modified_time":"2018-04-16T12:08:38+00:00","twitter_card":"summary_large_image","schema":{"@context":"https:\/\/schema.org","@graph":[{"@type":"WebPage","@id":"https:\/\/www.chateaudepuicheric.fr\/en\/basket\/","url":"https:\/\/www.chateaudepuicheric.fr\/en\/basket\/","name":"Basket - Ch\u00e2teau de Puich\u00e9ric - B&amp;B","isPartOf":{"@id":"https:\/\/www.chateaudepuicheric.fr\/en\/#website"},"datePublished":"2018-02-11T13:34:01+00:00","dateModified":"2018-04-16T12:08:38+00:00","breadcrumb":{"@id":"https:\/\/www.chateaudepuicheric.fr\/en\/basket\/#breadcrumb"},"inLanguage":"en-US","potentialAction":[{"@type":"ReadAction","target":["https:\/\/www.chateaudepuicheric.fr\/en\/basket\/"]}]},{"@type":"BreadcrumbList","@id":"https:\/\/www.chateaudepuicheric.fr\/en\/basket\/#breadcrumb","itemListElement":[{"@type":"ListItem","position":1,"name":"Accueil","item":"https:\/\/www.chateaudepuicheric.fr\/en\/"},{"@type":"ListItem","position":2,"name":"Basket"}]},{"@type":"WebSite","@id":"https:\/\/www.chateaudepuicheric.fr\/en\/#website","url":"https:\/\/www.chateaudepuicheric.fr\/en\/","name":"Ch\u00e2teau de Puich\u00e9ric - B&amp;B","description":"Castle Carcassonne","publisher":{"@id":"https:\/\/www.chateaudepuicheric.fr\/en\/#organization"},"potentialAction":[{"@type":"SearchAction","target":{"@type":"EntryPoint","urlTemplate":"https:\/\/www.chateaudepuicheric.fr\/en\/?s={search_term_string}"},"query-input":{"@type":"PropertyValueSpecification","valueRequired":true,"valueName":"search_term_string"}}],"inLanguage":"en-US"},{"@type":"Organization","@id":"https:\/\/www.chateaudepuicheric.fr\/en\/#organization","name":"Ch\u00e2teau de Puich\u00e9ric - B&amp;B","url":"https:\/\/www.chateaudepuicheric.fr\/en\/","logo":{"@type":"ImageObject","inLanguage":"en-US","@id":"https:\/\/www.chateaudepuicheric.fr\/en\/#\/schema\/logo\/image\/","url":"https:\/\/www.chateaudepuicheric.fr\/en\/wp-content\/media\/sites\/3\/Logo-Ch\u00e2teau-de-Puich\u00e9ric-4.png","contentUrl":"https:\/\/www.chateaudepuicheric.fr\/en\/wp-content\/media\/sites\/3\/Logo-Ch\u00e2teau-de-Puich\u00e9ric-4.png","width":1170,"height":155,"caption":"Ch\u00e2teau de Puich\u00e9ric - B&amp;B"},"image":{"@id":"https:\/\/www.chateaudepuicheric.fr\/en\/#\/schema\/logo\/image\/"}}]}},"_links":{"self":[{"href":"https:\/\/www.chateaudepuicheric.fr\/en\/wp-json\/wp\/v2\/pages\/146","targetHints":{"allow":["GET"]}}],"collection":[{"href":"https:\/\/www.chateaudepuicheric.fr\/en\/wp-json\/wp\/v2\/pages"}],"about":[{"href":"https:\/\/www.chateaudepuicheric.fr\/en\/wp-json\/wp\/v2\/types\/page"}],"author":[{"embeddable":true,"href":"https:\/\/www.chateaudepuicheric.fr\/en\/wp-json\/wp\/v2\/users\/1"}],"replies":[{"embeddable":true,"href":"https:\/\/www.chateaudepuicheric.fr\/en\/wp-json\/wp\/v2\/comments?post=146"}],"version-history":[{"count":0,"href":"https:\/\/www.chateaudepuicheric.fr\/en\/wp-json\/wp\/v2\/pages\/146\/revisions"}],"wp:attachment":[{"href":"https:\/\/www.chateaudepuicheric.fr\/en\/wp-json\/wp\/v2\/media?parent=146"}],"curies":[{"name":"wp","href":"https:\/\/api.w.org\/{rel}","templated":true}]}}