{"id":19,"date":"2017-07-09T11:35:33","date_gmt":"2017-07-09T09:35:33","guid":{"rendered":"http:\/\/www.chateaudepuicheric.fr\/en\/?page_id=19"},"modified":"2024-07-31T23:03:46","modified_gmt":"2024-07-31T21:03:46","slug":"the-rooms","status":"publish","type":"page","link":"https:\/\/www.chateaudepuicheric.fr\/en\/the-rooms\/","title":{"rendered":"The rooms"},"content":{"rendered":"\n<p>Amenities for guests include a library, dining-room and a tranquil garden to meditate in. There is WiFi in all the rooms.<br><strong>2023 Prices <\/strong>are for 2p\/night <strong>including Tourist&nbsp; tax and breakfast<\/strong> (+10% for one night only if available). <br>For dinner, have a look on <a href=\"https:\/\/www.chateaudepuicheric.fr\/en\/infos-contact\/\"><strong>Infos\/Contact page<\/strong>.<\/a><\/p>\n\n\n\n<p><\/p>\n\n\n\n<h3 class=\"wp-block-heading\"><strong>The Lascaris Room&nbsp;<\/strong>160 sq.ft (15 m\u00b2)<\/h3>\n\n\n\n<p>1 bed 4.7 x 6.4 ft (1.40&#215;1.90 m),&nbsp;private bathroom 55 sq.ft (5 m\u00b2),<br>View of the Black Mountains to the west,<br>Price&nbsp; 9<strong>0 \u20ac \/ 2p<\/strong><\/p>\n\n\n\n<div class=\"wp-block-columns is-layout-flex wp-container-core-columns-is-layout-9d6595d7 wp-block-columns-is-layout-flex\">\n<div class=\"wp-block-column is-layout-flow wp-block-column-is-layout-flow\">\n<figure class=\"wp-block-image size-large\"><a href=\"https:\/\/www.chateaudepuicheric.fr\/en\/wp-content\/media\/sites\/3\/Amalric-1.jpg\"><img decoding=\"async\" width=\"1024\" height=\"683\" src=\"https:\/\/www.chateaudepuicheric.fr\/en\/wp-content\/media\/sites\/3\/Amalric-1-1024x683.jpg\" alt=\"\" class=\"wp-image-1596\" srcset=\"https:\/\/www.chateaudepuicheric.fr\/en\/wp-content\/media\/sites\/3\/Amalric-1-1024x683.jpg 1024w, https:\/\/www.chateaudepuicheric.fr\/en\/wp-content\/media\/sites\/3\/Amalric-1-300x200.jpg 300w, https:\/\/www.chateaudepuicheric.fr\/en\/wp-content\/media\/sites\/3\/Amalric-1-768x512.jpg 768w, https:\/\/www.chateaudepuicheric.fr\/en\/wp-content\/media\/sites\/3\/Amalric-1-600x400.jpg 600w, https:\/\/www.chateaudepuicheric.fr\/en\/wp-content\/media\/sites\/3\/Amalric-1.jpg 1920w\" sizes=\"(max-width: 1024px) 100vw, 1024px\" \/><\/a><\/figure>\n<\/div>\n\n\n\n<div class=\"wp-block-column is-layout-flow wp-block-column-is-layout-flow\">\n<figure class=\"wp-block-image size-large\"><a href=\"https:\/\/www.chateaudepuicheric.fr\/en\/wp-content\/media\/sites\/3\/Amalric-SdB-1.jpg\"><img decoding=\"async\" width=\"1024\" height=\"598\" src=\"https:\/\/www.chateaudepuicheric.fr\/en\/wp-content\/media\/sites\/3\/Amalric-SdB-1-1024x598.jpg\" alt=\"\" class=\"wp-image-211\" srcset=\"https:\/\/www.chateaudepuicheric.fr\/en\/wp-content\/media\/sites\/3\/Amalric-SdB-1.jpg 1024w, https:\/\/www.chateaudepuicheric.fr\/en\/wp-content\/media\/sites\/3\/Amalric-SdB-1-300x175.jpg 300w, https:\/\/www.chateaudepuicheric.fr\/en\/wp-content\/media\/sites\/3\/Amalric-SdB-1-768x449.jpg 768w, https:\/\/www.chateaudepuicheric.fr\/en\/wp-content\/media\/sites\/3\/Amalric-SdB-1-600x350.jpg 600w\" sizes=\"(max-width: 1024px) 100vw, 1024px\" \/><\/a><\/figure>\n<\/div>\n<\/div>\n\n\n\n<iframe loading=\"lazy\" src=\"https:\/\/www.cybevasion.fr\/annonces_planning.php?id_annonce=29620&amp;id_structure=27137&amp;langue=en&amp;display_line&amp;transparent\" name=\"planning\" width=\"100%\" height=\"240\" frameborder=\"0\"><\/iframe>\n\n\n\n<h3 class=\"wp-block-heading\"><strong>The&nbsp;Farjonel Room&nbsp;<\/strong>230 sq.ft (21.5 m\u00b2),<\/h3>\n\n\n\n<p>1 double bed 4.7 x 6.4 ft (1.40&#215;1.90 m) private bathroom 35 sq.ft&nbsp;(3 m\u00b2),<br>View&nbsp; of the Black Mountains to the west<br>Price<strong> 90 \u20ac&nbsp;\/ 2p<\/strong> (20\u20ac for extra bed).<br>Reserved in priority to the rental vacation in July and August.<\/p>\n\n\n\n<div class=\"wp-block-columns is-layout-flex wp-container-core-columns-is-layout-9d6595d7 wp-block-columns-is-layout-flex\">\n<div class=\"wp-block-column is-layout-flow wp-block-column-is-layout-flow\">\n<figure class=\"wp-block-image size-large\"><a href=\"https:\/\/www.chateaudepuicheric.fr\/en\/wp-content\/media\/sites\/3\/Farjonel-e1522605338775.jpg\"><img decoding=\"async\" width=\"640\" height=\"427\" src=\"https:\/\/www.chateaudepuicheric.fr\/en\/wp-content\/media\/sites\/3\/Farjonel-e1522605338775.jpg\" alt=\"\" class=\"wp-image-1608\" srcset=\"https:\/\/www.chateaudepuicheric.fr\/en\/wp-content\/media\/sites\/3\/Farjonel-e1522605338775.jpg 640w, https:\/\/www.chateaudepuicheric.fr\/en\/wp-content\/media\/sites\/3\/Farjonel-e1522605338775-300x200.jpg 300w, https:\/\/www.chateaudepuicheric.fr\/en\/wp-content\/media\/sites\/3\/Farjonel-e1522605338775-600x400.jpg 600w\" sizes=\"(max-width: 640px) 100vw, 640px\" \/><\/a><\/figure>\n<\/div>\n\n\n\n<div class=\"wp-block-column is-layout-flow wp-block-column-is-layout-flow\">\n<figure class=\"wp-block-image size-large\"><a href=\"https:\/\/www.chateaudepuicheric.fr\/en\/wp-content\/media\/sites\/3\/SdB-Farjonel-scaled.jpg\"><img decoding=\"async\" width=\"1024\" height=\"683\" src=\"https:\/\/www.chateaudepuicheric.fr\/en\/wp-content\/media\/sites\/3\/SdB-Farjonel-1024x683.jpg\" alt=\"\" class=\"wp-image-2004\" srcset=\"https:\/\/www.chateaudepuicheric.fr\/en\/wp-content\/media\/sites\/3\/SdB-Farjonel-1024x683.jpg 1024w, https:\/\/www.chateaudepuicheric.fr\/en\/wp-content\/media\/sites\/3\/SdB-Farjonel-300x200.jpg 300w, https:\/\/www.chateaudepuicheric.fr\/en\/wp-content\/media\/sites\/3\/SdB-Farjonel-768x512.jpg 768w, https:\/\/www.chateaudepuicheric.fr\/en\/wp-content\/media\/sites\/3\/SdB-Farjonel-1536x1024.jpg 1536w, https:\/\/www.chateaudepuicheric.fr\/en\/wp-content\/media\/sites\/3\/SdB-Farjonel-2048x1365.jpg 2048w, https:\/\/www.chateaudepuicheric.fr\/en\/wp-content\/media\/sites\/3\/SdB-Farjonel-600x400.jpg 600w, https:\/\/www.chateaudepuicheric.fr\/en\/wp-content\/media\/sites\/3\/SdB-Farjonel-scaled.jpg 1200w\" sizes=\"(max-width: 1024px) 100vw, 1024px\" \/><\/a><\/figure>\n<\/div>\n<\/div>\n\n\n\n<iframe loading=\"lazy\" src=\"https:\/\/www.cybevasion.fr\/annonces_planning.php?id_annonce=29620&amp;id_structure=27138&amp;langue=en&amp;display_line&amp;transparent\" name=\"planning\" width=\"100%\" height=\"240\" frameborder=\"0\"><\/iframe>\n\n\n\n<h3 class=\"wp-block-heading\"><strong>The Brettes-Thurin Room<\/strong>&nbsp;240 sq.ft&nbsp;(22m\u00b2)<\/h3>\n\n\n\n<p>2 twin beds 3.5 x 6.4 ft (1.05&#215;1.90 m)&nbsp;convertible to a double, &nbsp;private bathroom 90 sq.ft (8m\u00b2),<br>Unobstructed views of Mount Alaric to the south,<br>Price<strong> 110 \u20ac \/ 2p&nbsp; <\/strong>(20\u20ac for extra bed)<br>&nbsp;<\/p>\n\n\n\n<div class=\"wp-block-columns is-layout-flex wp-container-core-columns-is-layout-9d6595d7 wp-block-columns-is-layout-flex\">\n<div class=\"wp-block-column is-layout-flow wp-block-column-is-layout-flow\">\n<figure class=\"wp-block-image size-large\"><a href=\"https:\/\/www.chateaudepuicheric.fr\/en\/wp-content\/media\/sites\/3\/Brettes-Thurin-1-1.jpg\"><img decoding=\"async\" width=\"1024\" height=\"683\" src=\"https:\/\/www.chateaudepuicheric.fr\/en\/wp-content\/media\/sites\/3\/Brettes-Thurin-1-1-1024x683.jpg\" alt=\"\" class=\"wp-image-1606\" srcset=\"https:\/\/www.chateaudepuicheric.fr\/en\/wp-content\/media\/sites\/3\/Brettes-Thurin-1-1-1024x683.jpg 1024w, https:\/\/www.chateaudepuicheric.fr\/en\/wp-content\/media\/sites\/3\/Brettes-Thurin-1-1-300x200.jpg 300w, https:\/\/www.chateaudepuicheric.fr\/en\/wp-content\/media\/sites\/3\/Brettes-Thurin-1-1-768x512.jpg 768w, https:\/\/www.chateaudepuicheric.fr\/en\/wp-content\/media\/sites\/3\/Brettes-Thurin-1-1-600x400.jpg 600w, https:\/\/www.chateaudepuicheric.fr\/en\/wp-content\/media\/sites\/3\/Brettes-Thurin-1-1.jpg 1920w\" sizes=\"(max-width: 1024px) 100vw, 1024px\" \/><\/a><\/figure>\n<\/div>\n\n\n\n<div class=\"wp-block-column is-layout-flow wp-block-column-is-layout-flow\">\n<figure class=\"wp-block-image size-large\"><a href=\"https:\/\/www.chateaudepuicheric.fr\/en\/wp-content\/media\/sites\/3\/Brettes-Thurin-SdB.jpg\"><img decoding=\"async\" width=\"1024\" height=\"683\" src=\"https:\/\/www.chateaudepuicheric.fr\/en\/wp-content\/media\/sites\/3\/Brettes-Thurin-SdB-1024x683.jpg\" alt=\"\" class=\"wp-image-208\" srcset=\"https:\/\/www.chateaudepuicheric.fr\/en\/wp-content\/media\/sites\/3\/Brettes-Thurin-SdB.jpg 1024w, https:\/\/www.chateaudepuicheric.fr\/en\/wp-content\/media\/sites\/3\/Brettes-Thurin-SdB-300x200.jpg 300w, https:\/\/www.chateaudepuicheric.fr\/en\/wp-content\/media\/sites\/3\/Brettes-Thurin-SdB-768x512.jpg 768w, https:\/\/www.chateaudepuicheric.fr\/en\/wp-content\/media\/sites\/3\/Brettes-Thurin-SdB-600x400.jpg 600w\" sizes=\"(max-width: 1024px) 100vw, 1024px\" \/><\/a><\/figure>\n<\/div>\n<\/div>\n\n\n\n<iframe loading=\"lazy\" src=\"https:\/\/www.cybevasion.fr\/annonces_planning.php?id_annonce=29620&amp;id_structure=27136&amp;langue=en&amp;display_line&amp;transparent\" name=\"planning\" width=\"100%\" height=\"240\" frameborder=\"0\"><\/iframe>\n\n\n\n<h3 class=\"wp-block-heading\"><b>Pierre-Paul Riquet<\/b>&nbsp;room, (25m\u00b2) with XVIIth century painted ceilings<\/h3>\n\n\n\n<p>2 beds 4 x 6.4 ft (115 x 190 cm), 2 beds 2.7 x 6.4 ft (80 x\u00a0 190 cm), private bathroom (45 sq.ft (4m\u00b2),<br>Little terrace (22O sq.ft) on the South-East side.<br>Price for <strong>3 people<\/strong> including breakfast :\u00a0<b>130 \u20ac\u00a0<\/b> (150\u20ac \/4p).<br>Reserved in priority to the rental vacation in July and August.<\/p>\n\n\n\n<div class=\"wp-block-columns is-layout-flex wp-container-core-columns-is-layout-9d6595d7 wp-block-columns-is-layout-flex\">\n<div class=\"wp-block-column is-layout-flow wp-block-column-is-layout-flow\">\n<figure class=\"wp-block-image size-large\"><a href=\"https:\/\/www.chateaudepuicheric.fr\/en\/wp-content\/media\/sites\/3\/Chambre-Riquet-1.jpg\"><img decoding=\"async\" width=\"1024\" height=\"683\" src=\"https:\/\/www.chateaudepuicheric.fr\/en\/wp-content\/media\/sites\/3\/Chambre-Riquet-1-1024x683.jpg\" alt=\"\" class=\"wp-image-2005\" srcset=\"https:\/\/www.chateaudepuicheric.fr\/en\/wp-content\/media\/sites\/3\/Chambre-Riquet-1-1024x683.jpg 1024w, https:\/\/www.chateaudepuicheric.fr\/en\/wp-content\/media\/sites\/3\/Chambre-Riquet-1-300x200.jpg 300w, https:\/\/www.chateaudepuicheric.fr\/en\/wp-content\/media\/sites\/3\/Chambre-Riquet-1-768x512.jpg 768w, https:\/\/www.chateaudepuicheric.fr\/en\/wp-content\/media\/sites\/3\/Chambre-Riquet-1-1536x1024.jpg 1536w, https:\/\/www.chateaudepuicheric.fr\/en\/wp-content\/media\/sites\/3\/Chambre-Riquet-1-600x400.jpg 600w, https:\/\/www.chateaudepuicheric.fr\/en\/wp-content\/media\/sites\/3\/Chambre-Riquet-1.jpg 1920w\" sizes=\"(max-width: 1024px) 100vw, 1024px\" \/><\/a><\/figure>\n<\/div>\n\n\n\n<div class=\"wp-block-column is-layout-flow wp-block-column-is-layout-flow\">\n<figure class=\"wp-block-image size-large\"><a href=\"https:\/\/www.chateaudepuicheric.fr\/en\/wp-content\/media\/sites\/3\/SdB-Riquet-1.jpg\"><img decoding=\"async\" width=\"1024\" height=\"683\" src=\"https:\/\/www.chateaudepuicheric.fr\/en\/wp-content\/media\/sites\/3\/SdB-Riquet-1-1024x683.jpg\" alt=\"\" class=\"wp-image-2006\" srcset=\"https:\/\/www.chateaudepuicheric.fr\/en\/wp-content\/media\/sites\/3\/SdB-Riquet-1-1024x683.jpg 1024w, https:\/\/www.chateaudepuicheric.fr\/en\/wp-content\/media\/sites\/3\/SdB-Riquet-1-300x200.jpg 300w, https:\/\/www.chateaudepuicheric.fr\/en\/wp-content\/media\/sites\/3\/SdB-Riquet-1-768x512.jpg 768w, https:\/\/www.chateaudepuicheric.fr\/en\/wp-content\/media\/sites\/3\/SdB-Riquet-1-1536x1024.jpg 1536w, https:\/\/www.chateaudepuicheric.fr\/en\/wp-content\/media\/sites\/3\/SdB-Riquet-1-600x400.jpg 600w, https:\/\/www.chateaudepuicheric.fr\/en\/wp-content\/media\/sites\/3\/SdB-Riquet-1.jpg 1200w\" sizes=\"(max-width: 1024px) 100vw, 1024px\" \/><\/a><\/figure>\n<\/div>\n<\/div>\n\n\n\n<iframe loading=\"lazy\" src=\"https:\/\/www.cybevasion.fr\/annonces_planning.php?id_annonce=29620&amp;id_structure=62405&amp;langue=en&amp;display_line&amp;transparent\" name=\"planning\" width=\"100%\" height=\"240\" frameborder=\"0\"><\/iframe>\n\n\n\n<h3 class=\"wp-block-heading\"><b>Louise de Montaigne suite&nbsp;<\/b><b>(16m\u00b2 + 13m\u00b2)&nbsp;<\/b><\/h3>\n\n\n\n<p>1 double bed 4.7 x 6.4 ft (1.40&#215;1.90 m) , 2&nbsp;beds 2.7 x 6.4 ft (80 x&nbsp; 190 cm) in the other room ,private bathroom 80 sq.ft&nbsp;(7 m\u00b2)<br>View to the east side in the parents room, view on the church in the children room,<br>Price fo <strong>4 people<\/strong> including breakfast :&nbsp;<b>150 \u20ac&nbsp;<\/b> (+20\u20ac with extra bed).<br>Reserved in priority to the rental vacation in July and August.<\/p>\n\n\n\n<div class=\"wp-block-columns is-layout-flex wp-container-core-columns-is-layout-9d6595d7 wp-block-columns-is-layout-flex\">\n<div class=\"wp-block-column is-layout-flow wp-block-column-is-layout-flow\">\n<figure class=\"wp-block-image size-large\"><a href=\"https:\/\/www.chateaudepuicheric.fr\/en\/wp-content\/media\/sites\/3\/Chambre-louise-de-Montaigne.jpg\"><img decoding=\"async\" width=\"1024\" height=\"683\" src=\"https:\/\/www.chateaudepuicheric.fr\/en\/wp-content\/media\/sites\/3\/Chambre-louise-de-Montaigne-1024x683.jpg\" alt=\"\" class=\"wp-image-1555\" srcset=\"https:\/\/www.chateaudepuicheric.fr\/en\/wp-content\/media\/sites\/3\/Chambre-louise-de-Montaigne-1024x683.jpg 1024w, https:\/\/www.chateaudepuicheric.fr\/en\/wp-content\/media\/sites\/3\/Chambre-louise-de-Montaigne-300x200.jpg 300w, https:\/\/www.chateaudepuicheric.fr\/en\/wp-content\/media\/sites\/3\/Chambre-louise-de-Montaigne-768x512.jpg 768w, https:\/\/www.chateaudepuicheric.fr\/en\/wp-content\/media\/sites\/3\/Chambre-louise-de-Montaigne-600x400.jpg 600w, https:\/\/www.chateaudepuicheric.fr\/en\/wp-content\/media\/sites\/3\/Chambre-louise-de-Montaigne.jpg 1920w\" sizes=\"(max-width: 1024px) 100vw, 1024px\" \/><\/a><\/figure>\n<\/div>\n\n\n\n<div class=\"wp-block-column is-layout-flow wp-block-column-is-layout-flow\">\n<figure class=\"wp-block-image size-large\"><a href=\"https:\/\/www.chateaudepuicheric.fr\/en\/wp-content\/media\/sites\/3\/chambre-jaune-1.jpg\"><img decoding=\"async\" width=\"1024\" height=\"683\" src=\"https:\/\/www.chateaudepuicheric.fr\/en\/wp-content\/media\/sites\/3\/chambre-jaune-1-1024x683.jpg\" alt=\"\" class=\"wp-image-2007\" srcset=\"https:\/\/www.chateaudepuicheric.fr\/en\/wp-content\/media\/sites\/3\/chambre-jaune-1-1024x683.jpg 1024w, https:\/\/www.chateaudepuicheric.fr\/en\/wp-content\/media\/sites\/3\/chambre-jaune-1-300x200.jpg 300w, https:\/\/www.chateaudepuicheric.fr\/en\/wp-content\/media\/sites\/3\/chambre-jaune-1-768x512.jpg 768w, https:\/\/www.chateaudepuicheric.fr\/en\/wp-content\/media\/sites\/3\/chambre-jaune-1-1536x1024.jpg 1536w, https:\/\/www.chateaudepuicheric.fr\/en\/wp-content\/media\/sites\/3\/chambre-jaune-1-600x400.jpg 600w, https:\/\/www.chateaudepuicheric.fr\/en\/wp-content\/media\/sites\/3\/chambre-jaune-1.jpg 1920w\" sizes=\"(max-width: 1024px) 100vw, 1024px\" \/><\/a><\/figure>\n<\/div>\n<\/div>\n\n\n\n<div class=\"wp-block-columns is-layout-flex wp-container-core-columns-is-layout-9d6595d7 wp-block-columns-is-layout-flex\">\n<div class=\"wp-block-column is-layout-flow wp-block-column-is-layout-flow\">\n<figure class=\"wp-block-image size-large\"><a href=\"https:\/\/www.chateaudepuicheric.fr\/en\/wp-content\/media\/sites\/3\/SdB-Montaigne.jpg\"><img decoding=\"async\" width=\"1024\" height=\"683\" src=\"https:\/\/www.chateaudepuicheric.fr\/en\/wp-content\/media\/sites\/3\/SdB-Montaigne-1024x683.jpg\" alt=\"\" class=\"wp-image-1911\" srcset=\"https:\/\/www.chateaudepuicheric.fr\/en\/wp-content\/media\/sites\/3\/SdB-Montaigne-1024x683.jpg 1024w, https:\/\/www.chateaudepuicheric.fr\/en\/wp-content\/media\/sites\/3\/SdB-Montaigne-300x200.jpg 300w, https:\/\/www.chateaudepuicheric.fr\/en\/wp-content\/media\/sites\/3\/SdB-Montaigne-768x512.jpg 768w, https:\/\/www.chateaudepuicheric.fr\/en\/wp-content\/media\/sites\/3\/SdB-Montaigne-600x400.jpg 600w, https:\/\/www.chateaudepuicheric.fr\/en\/wp-content\/media\/sites\/3\/SdB-Montaigne.jpg 1920w\" sizes=\"(max-width: 1024px) 100vw, 1024px\" \/><\/a><\/figure>\n<\/div>\n\n\n\n<div class=\"wp-block-column is-layout-flow wp-block-column-is-layout-flow\"><\/div>\n<\/div>\n\n\n\n<iframe loading=\"lazy\" src=\"https:\/\/www.cybevasion.fr\/annonces_planning.php?id_annonce=29620&amp;id_structure=62404&amp;langue=en&amp;display_line&amp;transparent\" name=\"planning\" width=\"100%\" height=\"240\" frameborder=\"0\"><\/iframe>\n","protected":false},"excerpt":{"rendered":"<p>Amenities for guests include a library, dining-room and a tranquil garden to meditate in. There is WiFi in all the rooms.2023 Prices are for 2p\/night including Tourist&nbsp; tax and breakfast (+10% for one night only if available). For dinner, have a look on Infos\/Contact page. The Lascaris Room&nbsp;160 sq.ft (15 m\u00b2) 1 bed 4.7 x &#8230; <a title=\"The rooms\" class=\"read-more\" href=\"https:\/\/www.chateaudepuicheric.fr\/en\/the-rooms\/\" aria-label=\"Read more about The rooms\">Read more<\/a><\/p>\n","protected":false},"author":1,"featured_media":2008,"parent":0,"menu_order":2,"comment_status":"closed","ping_status":"closed","template":"","meta":{"footnotes":""},"class_list":["post-19","page","type-page","status-publish","has-post-thumbnail"],"yoast_head":"<!-- This site is optimized with the Yoast SEO plugin v27.3 - https:\/\/yoast.com\/product\/yoast-seo-wordpress\/ -->\n<title>The rooms - Ch\u00e2teau de Puich\u00e9ric - B&amp;B<\/title>\n<meta name=\"robots\" content=\"index, follow, max-snippet:-1, max-image-preview:large, max-video-preview:-1\" \/>\n<link rel=\"canonical\" href=\"https:\/\/www.chateaudepuicheric.fr\/en\/the-rooms\/\" \/>\n<meta property=\"og:locale\" content=\"en_US\" \/>\n<meta property=\"og:type\" content=\"article\" \/>\n<meta property=\"og:title\" content=\"The rooms - Ch\u00e2teau de Puich\u00e9ric - B&amp;B\" \/>\n<meta property=\"og:description\" content=\"Amenities for guests include a library, dining-room and a tranquil garden to meditate in. There is WiFi in all the rooms.2023 Prices are for 2p\/night including Tourist&nbsp; tax and breakfast (+10% for one night only if available). For dinner, have a look on Infos\/Contact page. The Lascaris Room&nbsp;160 sq.ft (15 m\u00b2) 1 bed 4.7 x ... Read more\" \/>\n<meta property=\"og:url\" content=\"https:\/\/www.chateaudepuicheric.fr\/en\/the-rooms\/\" \/>\n<meta property=\"og:site_name\" content=\"Ch\u00e2teau de Puich\u00e9ric - B&amp;B\" \/>\n<meta property=\"article:modified_time\" content=\"2024-07-31T21:03:46+00:00\" \/>\n<meta property=\"og:image\" content=\"https:\/\/www.chateaudepuicheric.fr\/en\/wp-content\/media\/sites\/3\/Chambres-entete-scaled.jpg\" \/>\n\t<meta property=\"og:image:width\" content=\"1920\" \/>\n\t<meta property=\"og:image:height\" content=\"622\" \/>\n\t<meta property=\"og:image:type\" content=\"image\/jpeg\" \/>\n<meta name=\"twitter:card\" content=\"summary_large_image\" \/>\n<meta name=\"twitter:label1\" content=\"Est. reading time\" \/>\n\t<meta name=\"twitter:data1\" content=\"4 minutes\" \/>\n<script type=\"application\/ld+json\" class=\"yoast-schema-graph\">{\"@context\":\"https:\\\/\\\/schema.org\",\"@graph\":[{\"@type\":\"WebPage\",\"@id\":\"https:\\\/\\\/www.chateaudepuicheric.fr\\\/en\\\/the-rooms\\\/\",\"url\":\"https:\\\/\\\/www.chateaudepuicheric.fr\\\/en\\\/the-rooms\\\/\",\"name\":\"The rooms - Ch\u00e2teau de Puich\u00e9ric - B&amp;B\",\"isPartOf\":{\"@id\":\"https:\\\/\\\/www.chateaudepuicheric.fr\\\/en\\\/#website\"},\"primaryImageOfPage\":{\"@id\":\"https:\\\/\\\/www.chateaudepuicheric.fr\\\/en\\\/the-rooms\\\/#primaryimage\"},\"image\":{\"@id\":\"https:\\\/\\\/www.chateaudepuicheric.fr\\\/en\\\/the-rooms\\\/#primaryimage\"},\"thumbnailUrl\":\"https:\\\/\\\/www.chateaudepuicheric.fr\\\/en\\\/wp-content\\\/media\\\/sites\\\/3\\\/Chambres-entete-scaled.jpg\",\"datePublished\":\"2017-07-09T09:35:33+00:00\",\"dateModified\":\"2024-07-31T21:03:46+00:00\",\"breadcrumb\":{\"@id\":\"https:\\\/\\\/www.chateaudepuicheric.fr\\\/en\\\/the-rooms\\\/#breadcrumb\"},\"inLanguage\":\"en-US\",\"potentialAction\":[{\"@type\":\"ReadAction\",\"target\":[\"https:\\\/\\\/www.chateaudepuicheric.fr\\\/en\\\/the-rooms\\\/\"]}]},{\"@type\":\"ImageObject\",\"inLanguage\":\"en-US\",\"@id\":\"https:\\\/\\\/www.chateaudepuicheric.fr\\\/en\\\/the-rooms\\\/#primaryimage\",\"url\":\"https:\\\/\\\/www.chateaudepuicheric.fr\\\/en\\\/wp-content\\\/media\\\/sites\\\/3\\\/Chambres-entete-scaled.jpg\",\"contentUrl\":\"https:\\\/\\\/www.chateaudepuicheric.fr\\\/en\\\/wp-content\\\/media\\\/sites\\\/3\\\/Chambres-entete-scaled.jpg\",\"width\":1920,\"height\":622},{\"@type\":\"BreadcrumbList\",\"@id\":\"https:\\\/\\\/www.chateaudepuicheric.fr\\\/en\\\/the-rooms\\\/#breadcrumb\",\"itemListElement\":[{\"@type\":\"ListItem\",\"position\":1,\"name\":\"Accueil\",\"item\":\"https:\\\/\\\/www.chateaudepuicheric.fr\\\/en\\\/\"},{\"@type\":\"ListItem\",\"position\":2,\"name\":\"The rooms\"}]},{\"@type\":\"WebSite\",\"@id\":\"https:\\\/\\\/www.chateaudepuicheric.fr\\\/en\\\/#website\",\"url\":\"https:\\\/\\\/www.chateaudepuicheric.fr\\\/en\\\/\",\"name\":\"Ch\u00e2teau de Puich\u00e9ric - B&amp;B\",\"description\":\"Castle Carcassonne\",\"publisher\":{\"@id\":\"https:\\\/\\\/www.chateaudepuicheric.fr\\\/en\\\/#organization\"},\"potentialAction\":[{\"@type\":\"SearchAction\",\"target\":{\"@type\":\"EntryPoint\",\"urlTemplate\":\"https:\\\/\\\/www.chateaudepuicheric.fr\\\/en\\\/?s={search_term_string}\"},\"query-input\":{\"@type\":\"PropertyValueSpecification\",\"valueRequired\":true,\"valueName\":\"search_term_string\"}}],\"inLanguage\":\"en-US\"},{\"@type\":\"Organization\",\"@id\":\"https:\\\/\\\/www.chateaudepuicheric.fr\\\/en\\\/#organization\",\"name\":\"Ch\u00e2teau de Puich\u00e9ric - B&amp;B\",\"url\":\"https:\\\/\\\/www.chateaudepuicheric.fr\\\/en\\\/\",\"logo\":{\"@type\":\"ImageObject\",\"inLanguage\":\"en-US\",\"@id\":\"https:\\\/\\\/www.chateaudepuicheric.fr\\\/en\\\/#\\\/schema\\\/logo\\\/image\\\/\",\"url\":\"https:\\\/\\\/www.chateaudepuicheric.fr\\\/en\\\/wp-content\\\/media\\\/sites\\\/3\\\/Logo-Ch\u00e2teau-de-Puich\u00e9ric-4.png\",\"contentUrl\":\"https:\\\/\\\/www.chateaudepuicheric.fr\\\/en\\\/wp-content\\\/media\\\/sites\\\/3\\\/Logo-Ch\u00e2teau-de-Puich\u00e9ric-4.png\",\"width\":1170,\"height\":155,\"caption\":\"Ch\u00e2teau de Puich\u00e9ric - B&amp;B\"},\"image\":{\"@id\":\"https:\\\/\\\/www.chateaudepuicheric.fr\\\/en\\\/#\\\/schema\\\/logo\\\/image\\\/\"}}]}<\/script>\n<!-- \/ Yoast SEO plugin. -->","yoast_head_json":{"title":"The rooms - Ch\u00e2teau de Puich\u00e9ric - B&amp;B","robots":{"index":"index","follow":"follow","max-snippet":"max-snippet:-1","max-image-preview":"max-image-preview:large","max-video-preview":"max-video-preview:-1"},"canonical":"https:\/\/www.chateaudepuicheric.fr\/en\/the-rooms\/","og_locale":"en_US","og_type":"article","og_title":"The rooms - Ch\u00e2teau de Puich\u00e9ric - B&amp;B","og_description":"Amenities for guests include a library, dining-room and a tranquil garden to meditate in. There is WiFi in all the rooms.2023 Prices are for 2p\/night including Tourist&nbsp; tax and breakfast (+10% for one night only if available). For dinner, have a look on Infos\/Contact page. The Lascaris Room&nbsp;160 sq.ft (15 m\u00b2) 1 bed 4.7 x ... Read more","og_url":"https:\/\/www.chateaudepuicheric.fr\/en\/the-rooms\/","og_site_name":"Ch\u00e2teau de Puich\u00e9ric - B&amp;B","article_modified_time":"2024-07-31T21:03:46+00:00","og_image":[{"width":1920,"height":622,"url":"https:\/\/www.chateaudepuicheric.fr\/en\/wp-content\/media\/sites\/3\/Chambres-entete-scaled.jpg","type":"image\/jpeg"}],"twitter_card":"summary_large_image","twitter_misc":{"Est. reading time":"4 minutes"},"schema":{"@context":"https:\/\/schema.org","@graph":[{"@type":"WebPage","@id":"https:\/\/www.chateaudepuicheric.fr\/en\/the-rooms\/","url":"https:\/\/www.chateaudepuicheric.fr\/en\/the-rooms\/","name":"The rooms - Ch\u00e2teau de Puich\u00e9ric - B&amp;B","isPartOf":{"@id":"https:\/\/www.chateaudepuicheric.fr\/en\/#website"},"primaryImageOfPage":{"@id":"https:\/\/www.chateaudepuicheric.fr\/en\/the-rooms\/#primaryimage"},"image":{"@id":"https:\/\/www.chateaudepuicheric.fr\/en\/the-rooms\/#primaryimage"},"thumbnailUrl":"https:\/\/www.chateaudepuicheric.fr\/en\/wp-content\/media\/sites\/3\/Chambres-entete-scaled.jpg","datePublished":"2017-07-09T09:35:33+00:00","dateModified":"2024-07-31T21:03:46+00:00","breadcrumb":{"@id":"https:\/\/www.chateaudepuicheric.fr\/en\/the-rooms\/#breadcrumb"},"inLanguage":"en-US","potentialAction":[{"@type":"ReadAction","target":["https:\/\/www.chateaudepuicheric.fr\/en\/the-rooms\/"]}]},{"@type":"ImageObject","inLanguage":"en-US","@id":"https:\/\/www.chateaudepuicheric.fr\/en\/the-rooms\/#primaryimage","url":"https:\/\/www.chateaudepuicheric.fr\/en\/wp-content\/media\/sites\/3\/Chambres-entete-scaled.jpg","contentUrl":"https:\/\/www.chateaudepuicheric.fr\/en\/wp-content\/media\/sites\/3\/Chambres-entete-scaled.jpg","width":1920,"height":622},{"@type":"BreadcrumbList","@id":"https:\/\/www.chateaudepuicheric.fr\/en\/the-rooms\/#breadcrumb","itemListElement":[{"@type":"ListItem","position":1,"name":"Accueil","item":"https:\/\/www.chateaudepuicheric.fr\/en\/"},{"@type":"ListItem","position":2,"name":"The rooms"}]},{"@type":"WebSite","@id":"https:\/\/www.chateaudepuicheric.fr\/en\/#website","url":"https:\/\/www.chateaudepuicheric.fr\/en\/","name":"Ch\u00e2teau de Puich\u00e9ric - B&amp;B","description":"Castle Carcassonne","publisher":{"@id":"https:\/\/www.chateaudepuicheric.fr\/en\/#organization"},"potentialAction":[{"@type":"SearchAction","target":{"@type":"EntryPoint","urlTemplate":"https:\/\/www.chateaudepuicheric.fr\/en\/?s={search_term_string}"},"query-input":{"@type":"PropertyValueSpecification","valueRequired":true,"valueName":"search_term_string"}}],"inLanguage":"en-US"},{"@type":"Organization","@id":"https:\/\/www.chateaudepuicheric.fr\/en\/#organization","name":"Ch\u00e2teau de Puich\u00e9ric - B&amp;B","url":"https:\/\/www.chateaudepuicheric.fr\/en\/","logo":{"@type":"ImageObject","inLanguage":"en-US","@id":"https:\/\/www.chateaudepuicheric.fr\/en\/#\/schema\/logo\/image\/","url":"https:\/\/www.chateaudepuicheric.fr\/en\/wp-content\/media\/sites\/3\/Logo-Ch\u00e2teau-de-Puich\u00e9ric-4.png","contentUrl":"https:\/\/www.chateaudepuicheric.fr\/en\/wp-content\/media\/sites\/3\/Logo-Ch\u00e2teau-de-Puich\u00e9ric-4.png","width":1170,"height":155,"caption":"Ch\u00e2teau de Puich\u00e9ric - B&amp;B"},"image":{"@id":"https:\/\/www.chateaudepuicheric.fr\/en\/#\/schema\/logo\/image\/"}}]}},"_links":{"self":[{"href":"https:\/\/www.chateaudepuicheric.fr\/en\/wp-json\/wp\/v2\/pages\/19","targetHints":{"allow":["GET"]}}],"collection":[{"href":"https:\/\/www.chateaudepuicheric.fr\/en\/wp-json\/wp\/v2\/pages"}],"about":[{"href":"https:\/\/www.chateaudepuicheric.fr\/en\/wp-json\/wp\/v2\/types\/page"}],"author":[{"embeddable":true,"href":"https:\/\/www.chateaudepuicheric.fr\/en\/wp-json\/wp\/v2\/users\/1"}],"replies":[{"embeddable":true,"href":"https:\/\/www.chateaudepuicheric.fr\/en\/wp-json\/wp\/v2\/comments?post=19"}],"version-history":[{"count":0,"href":"https:\/\/www.chateaudepuicheric.fr\/en\/wp-json\/wp\/v2\/pages\/19\/revisions"}],"wp:featuredmedia":[{"embeddable":true,"href":"https:\/\/www.chateaudepuicheric.fr\/en\/wp-json\/wp\/v2\/media\/2008"}],"wp:attachment":[{"href":"https:\/\/www.chateaudepuicheric.fr\/en\/wp-json\/wp\/v2\/media?parent=19"}],"curies":[{"name":"wp","href":"https:\/\/api.w.org\/{rel}","templated":true}]}}