{"id":2043,"date":"2020-08-01T11:11:01","date_gmt":"2020-08-01T09:11:01","guid":{"rendered":"https:\/\/www.chateaudepuicheric.fr\/en\/?page_id=2043"},"modified":"2020-08-03T12:27:06","modified_gmt":"2020-08-03T10:27:06","slug":"menu-2","status":"publish","type":"page","link":"https:\/\/www.chateaudepuicheric.fr\/en\/menu-2\/","title":{"rendered":"Menu"},"content":{"rendered":"\n<figure class=\"wp-block-table is-style-stripes\"><table><tbody><tr><td><strong>&nbsp;&nbsp;&nbsp;&nbsp;&nbsp;&nbsp;&nbsp;&nbsp;&nbsp;&nbsp;&nbsp;&nbsp;&nbsp;&nbsp;&nbsp;&nbsp;&nbsp;&nbsp;&nbsp;&nbsp;&nbsp;&nbsp;&nbsp;&nbsp;&nbsp; <\/strong><strong>Beverages<\/strong><\/td><td><strong>&nbsp;<\/strong><\/td><\/tr><tr><td>Coffee&nbsp;<strong><\/strong><\/td><td><strong>1\u20ac<\/strong><\/td><\/tr><tr><td>Cappuccino&nbsp;<strong><\/strong><\/td><td><strong>2\u20ac<\/strong><\/td><\/tr><tr><td>Thea (green, black, infusion)&nbsp;<strong><\/strong><\/td><td><strong>1,5\u20ac<\/strong><\/td><\/tr><tr><td>Beer (25cl)&nbsp;<strong><\/strong><\/td><td><strong>2,5\u20ac<\/strong><\/td><\/tr><tr><td>Wine (red, white, ros\u00e9), the bottle<strong><\/strong><\/td><td><strong>12\u20ac<\/strong><\/td><\/tr><tr><td>Smoothie&nbsp;<strong><\/strong><\/td><td><strong>3,5\u20ac<\/strong><\/td><\/tr><tr><td>Milkshake&nbsp;<strong><\/strong><\/td><td><strong>2,5\u20ac<\/strong><\/td><\/tr><tr><td>Jus de fruit (orange, Apple, raisin)&nbsp;<\/td><td><strong>2\u20ac<\/strong><\/td><\/tr><tr><td>Still water (1.5L)\u00a0<\/td><td><strong>1\u20ac<\/strong><\/td><\/tr><tr><td>Sparkling water\u00a0(75cl)<\/td><td><strong>1,5\u20ac<\/strong><\/td><\/tr><tr><td>Coke<\/td><td><strong>1,5\u20ac<\/strong><\/td><\/tr><tr><td><strong>&nbsp;&nbsp;&nbsp;&nbsp;&nbsp;&nbsp;&nbsp;&nbsp;&nbsp;&nbsp;&nbsp;&nbsp;&nbsp;&nbsp;&nbsp;&nbsp;&nbsp;&nbsp;&nbsp;&nbsp;&nbsp;&nbsp;&nbsp;&nbsp;&nbsp;&nbsp;&nbsp;&nbsp; <\/strong><strong>Snacks&nbsp;<\/strong><\/td><td><strong>&nbsp;<\/strong><\/td><\/tr><tr><td>Croque -Monsieur&nbsp;<\/td><td><strong>3\u20ac<\/strong><\/td><\/tr><tr><td>Simple omelet (+0,5\u20ac\/supplement)<\/td><td><strong>2,5\u20ac<\/strong><\/td><\/tr><tr><td>Cheese \/ ham Plato + glass of vine<\/td><td><strong>15\u20ac<\/strong><\/td><\/tr><tr><td>Crepe (nature or with sugar, + 0,5\u20ac\/supplement)<\/td><td><strong>2,5\u20ac<\/strong><\/td><\/tr><tr><td>Ice-cream (per scoop)<\/td><td><strong>1,5\u20ac<\/strong><\/td><\/tr><\/tbody><\/table><\/figure>\n\n\n\n<p><br><br>+0,5\u20ac \/ supplement (feta, onions, tomatoes, ham, nutella, banana, biscuit, jam\u2026)<\/p>\n","protected":false},"excerpt":{"rendered":"<p>&nbsp;&nbsp;&nbsp;&nbsp;&nbsp;&nbsp;&nbsp;&nbsp;&nbsp;&nbsp;&nbsp;&nbsp;&nbsp;&nbsp;&nbsp;&nbsp;&nbsp;&nbsp;&nbsp;&nbsp;&nbsp;&nbsp;&nbsp;&nbsp;&nbsp; Beverages &nbsp; Coffee&nbsp; 1\u20ac Cappuccino&nbsp; 2\u20ac Thea (green, black, infusion)&nbsp; 1,5\u20ac Beer (25cl)&nbsp; 2,5\u20ac Wine (red, white, ros\u00e9), the bottle 12\u20ac Smoothie&nbsp; 3,5\u20ac Milkshake&nbsp; 2,5\u20ac Jus de fruit (orange, Apple, raisin)&nbsp; 2\u20ac Still water (1.5L)\u00a0 1\u20ac Sparkling water\u00a0(75cl) 1,5\u20ac Coke 1,5\u20ac &nbsp;&nbsp;&nbsp;&nbsp;&nbsp;&nbsp;&nbsp;&nbsp;&nbsp;&nbsp;&nbsp;&nbsp;&nbsp;&nbsp;&nbsp;&nbsp;&nbsp;&nbsp;&nbsp;&nbsp;&nbsp;&nbsp;&nbsp;&nbsp;&nbsp;&nbsp;&nbsp;&nbsp; Snacks&nbsp; &nbsp; Croque -Monsieur&nbsp; 3\u20ac Simple omelet (+0,5\u20ac\/supplement) 2,5\u20ac Cheese \/ ham &#8230; <a title=\"Menu\" class=\"read-more\" href=\"https:\/\/www.chateaudepuicheric.fr\/en\/menu-2\/\" aria-label=\"Read more about Menu\">Read more<\/a><\/p>\n","protected":false},"author":1,"featured_media":0,"parent":0,"menu_order":0,"comment_status":"closed","ping_status":"closed","template":"","meta":{"footnotes":""},"class_list":["post-2043","page","type-page","status-publish"],"yoast_head":"<!-- This site is optimized with the Yoast SEO plugin v27.3 - https:\/\/yoast.com\/product\/yoast-seo-wordpress\/ -->\n<title>Menu - Ch\u00e2teau de Puich\u00e9ric - B&amp;B<\/title>\n<meta name=\"robots\" content=\"index, follow, max-snippet:-1, max-image-preview:large, max-video-preview:-1\" \/>\n<link rel=\"canonical\" href=\"https:\/\/www.chateaudepuicheric.fr\/en\/menu-2\/\" \/>\n<meta property=\"og:locale\" content=\"en_US\" \/>\n<meta property=\"og:type\" content=\"article\" \/>\n<meta property=\"og:title\" content=\"Menu - Ch\u00e2teau de Puich\u00e9ric - B&amp;B\" \/>\n<meta property=\"og:description\" content=\"&nbsp;&nbsp;&nbsp;&nbsp;&nbsp;&nbsp;&nbsp;&nbsp;&nbsp;&nbsp;&nbsp;&nbsp;&nbsp;&nbsp;&nbsp;&nbsp;&nbsp;&nbsp;&nbsp;&nbsp;&nbsp;&nbsp;&nbsp;&nbsp;&nbsp; Beverages &nbsp; Coffee&nbsp; 1\u20ac Cappuccino&nbsp; 2\u20ac Thea (green, black, infusion)&nbsp; 1,5\u20ac Beer (25cl)&nbsp; 2,5\u20ac Wine (red, white, ros\u00e9), the bottle 12\u20ac Smoothie&nbsp; 3,5\u20ac Milkshake&nbsp; 2,5\u20ac Jus de fruit (orange, Apple, raisin)&nbsp; 2\u20ac Still water (1.5L)\u00a0 1\u20ac Sparkling water\u00a0(75cl) 1,5\u20ac Coke 1,5\u20ac &nbsp;&nbsp;&nbsp;&nbsp;&nbsp;&nbsp;&nbsp;&nbsp;&nbsp;&nbsp;&nbsp;&nbsp;&nbsp;&nbsp;&nbsp;&nbsp;&nbsp;&nbsp;&nbsp;&nbsp;&nbsp;&nbsp;&nbsp;&nbsp;&nbsp;&nbsp;&nbsp;&nbsp; Snacks&nbsp; &nbsp; Croque -Monsieur&nbsp; 3\u20ac Simple omelet (+0,5\u20ac\/supplement) 2,5\u20ac Cheese \/ ham ... Read more\" \/>\n<meta property=\"og:url\" content=\"https:\/\/www.chateaudepuicheric.fr\/en\/menu-2\/\" \/>\n<meta property=\"og:site_name\" content=\"Ch\u00e2teau de Puich\u00e9ric - B&amp;B\" \/>\n<meta property=\"article:modified_time\" content=\"2020-08-03T10:27:06+00:00\" \/>\n<meta name=\"twitter:card\" content=\"summary_large_image\" \/>\n<meta name=\"twitter:label1\" content=\"Est. reading time\" \/>\n\t<meta name=\"twitter:data1\" content=\"1 minute\" \/>\n<script type=\"application\/ld+json\" class=\"yoast-schema-graph\">{\"@context\":\"https:\\\/\\\/schema.org\",\"@graph\":[{\"@type\":\"WebPage\",\"@id\":\"https:\\\/\\\/www.chateaudepuicheric.fr\\\/en\\\/menu-2\\\/\",\"url\":\"https:\\\/\\\/www.chateaudepuicheric.fr\\\/en\\\/menu-2\\\/\",\"name\":\"Menu - Ch\u00e2teau de Puich\u00e9ric - B&amp;B\",\"isPartOf\":{\"@id\":\"https:\\\/\\\/www.chateaudepuicheric.fr\\\/en\\\/#website\"},\"datePublished\":\"2020-08-01T09:11:01+00:00\",\"dateModified\":\"2020-08-03T10:27:06+00:00\",\"breadcrumb\":{\"@id\":\"https:\\\/\\\/www.chateaudepuicheric.fr\\\/en\\\/menu-2\\\/#breadcrumb\"},\"inLanguage\":\"en-US\",\"potentialAction\":[{\"@type\":\"ReadAction\",\"target\":[\"https:\\\/\\\/www.chateaudepuicheric.fr\\\/en\\\/menu-2\\\/\"]}]},{\"@type\":\"BreadcrumbList\",\"@id\":\"https:\\\/\\\/www.chateaudepuicheric.fr\\\/en\\\/menu-2\\\/#breadcrumb\",\"itemListElement\":[{\"@type\":\"ListItem\",\"position\":1,\"name\":\"Accueil\",\"item\":\"https:\\\/\\\/www.chateaudepuicheric.fr\\\/en\\\/\"},{\"@type\":\"ListItem\",\"position\":2,\"name\":\"Menu\"}]},{\"@type\":\"WebSite\",\"@id\":\"https:\\\/\\\/www.chateaudepuicheric.fr\\\/en\\\/#website\",\"url\":\"https:\\\/\\\/www.chateaudepuicheric.fr\\\/en\\\/\",\"name\":\"Ch\u00e2teau de Puich\u00e9ric - B&amp;B\",\"description\":\"Castle Carcassonne\",\"publisher\":{\"@id\":\"https:\\\/\\\/www.chateaudepuicheric.fr\\\/en\\\/#organization\"},\"potentialAction\":[{\"@type\":\"SearchAction\",\"target\":{\"@type\":\"EntryPoint\",\"urlTemplate\":\"https:\\\/\\\/www.chateaudepuicheric.fr\\\/en\\\/?s={search_term_string}\"},\"query-input\":{\"@type\":\"PropertyValueSpecification\",\"valueRequired\":true,\"valueName\":\"search_term_string\"}}],\"inLanguage\":\"en-US\"},{\"@type\":\"Organization\",\"@id\":\"https:\\\/\\\/www.chateaudepuicheric.fr\\\/en\\\/#organization\",\"name\":\"Ch\u00e2teau de Puich\u00e9ric - B&amp;B\",\"url\":\"https:\\\/\\\/www.chateaudepuicheric.fr\\\/en\\\/\",\"logo\":{\"@type\":\"ImageObject\",\"inLanguage\":\"en-US\",\"@id\":\"https:\\\/\\\/www.chateaudepuicheric.fr\\\/en\\\/#\\\/schema\\\/logo\\\/image\\\/\",\"url\":\"https:\\\/\\\/www.chateaudepuicheric.fr\\\/en\\\/wp-content\\\/media\\\/sites\\\/3\\\/Logo-Ch\u00e2teau-de-Puich\u00e9ric-4.png\",\"contentUrl\":\"https:\\\/\\\/www.chateaudepuicheric.fr\\\/en\\\/wp-content\\\/media\\\/sites\\\/3\\\/Logo-Ch\u00e2teau-de-Puich\u00e9ric-4.png\",\"width\":1170,\"height\":155,\"caption\":\"Ch\u00e2teau de Puich\u00e9ric - B&amp;B\"},\"image\":{\"@id\":\"https:\\\/\\\/www.chateaudepuicheric.fr\\\/en\\\/#\\\/schema\\\/logo\\\/image\\\/\"}}]}<\/script>\n<!-- \/ Yoast SEO plugin. -->","yoast_head_json":{"title":"Menu - Ch\u00e2teau de Puich\u00e9ric - B&amp;B","robots":{"index":"index","follow":"follow","max-snippet":"max-snippet:-1","max-image-preview":"max-image-preview:large","max-video-preview":"max-video-preview:-1"},"canonical":"https:\/\/www.chateaudepuicheric.fr\/en\/menu-2\/","og_locale":"en_US","og_type":"article","og_title":"Menu - Ch\u00e2teau de Puich\u00e9ric - B&amp;B","og_description":"&nbsp;&nbsp;&nbsp;&nbsp;&nbsp;&nbsp;&nbsp;&nbsp;&nbsp;&nbsp;&nbsp;&nbsp;&nbsp;&nbsp;&nbsp;&nbsp;&nbsp;&nbsp;&nbsp;&nbsp;&nbsp;&nbsp;&nbsp;&nbsp;&nbsp; Beverages &nbsp; Coffee&nbsp; 1\u20ac Cappuccino&nbsp; 2\u20ac Thea (green, black, infusion)&nbsp; 1,5\u20ac Beer (25cl)&nbsp; 2,5\u20ac Wine (red, white, ros\u00e9), the bottle 12\u20ac Smoothie&nbsp; 3,5\u20ac Milkshake&nbsp; 2,5\u20ac Jus de fruit (orange, Apple, raisin)&nbsp; 2\u20ac Still water (1.5L)\u00a0 1\u20ac Sparkling water\u00a0(75cl) 1,5\u20ac Coke 1,5\u20ac &nbsp;&nbsp;&nbsp;&nbsp;&nbsp;&nbsp;&nbsp;&nbsp;&nbsp;&nbsp;&nbsp;&nbsp;&nbsp;&nbsp;&nbsp;&nbsp;&nbsp;&nbsp;&nbsp;&nbsp;&nbsp;&nbsp;&nbsp;&nbsp;&nbsp;&nbsp;&nbsp;&nbsp; Snacks&nbsp; &nbsp; Croque -Monsieur&nbsp; 3\u20ac Simple omelet (+0,5\u20ac\/supplement) 2,5\u20ac Cheese \/ ham ... Read more","og_url":"https:\/\/www.chateaudepuicheric.fr\/en\/menu-2\/","og_site_name":"Ch\u00e2teau de Puich\u00e9ric - B&amp;B","article_modified_time":"2020-08-03T10:27:06+00:00","twitter_card":"summary_large_image","twitter_misc":{"Est. reading time":"1 minute"},"schema":{"@context":"https:\/\/schema.org","@graph":[{"@type":"WebPage","@id":"https:\/\/www.chateaudepuicheric.fr\/en\/menu-2\/","url":"https:\/\/www.chateaudepuicheric.fr\/en\/menu-2\/","name":"Menu - Ch\u00e2teau de Puich\u00e9ric - B&amp;B","isPartOf":{"@id":"https:\/\/www.chateaudepuicheric.fr\/en\/#website"},"datePublished":"2020-08-01T09:11:01+00:00","dateModified":"2020-08-03T10:27:06+00:00","breadcrumb":{"@id":"https:\/\/www.chateaudepuicheric.fr\/en\/menu-2\/#breadcrumb"},"inLanguage":"en-US","potentialAction":[{"@type":"ReadAction","target":["https:\/\/www.chateaudepuicheric.fr\/en\/menu-2\/"]}]},{"@type":"BreadcrumbList","@id":"https:\/\/www.chateaudepuicheric.fr\/en\/menu-2\/#breadcrumb","itemListElement":[{"@type":"ListItem","position":1,"name":"Accueil","item":"https:\/\/www.chateaudepuicheric.fr\/en\/"},{"@type":"ListItem","position":2,"name":"Menu"}]},{"@type":"WebSite","@id":"https:\/\/www.chateaudepuicheric.fr\/en\/#website","url":"https:\/\/www.chateaudepuicheric.fr\/en\/","name":"Ch\u00e2teau de Puich\u00e9ric - B&amp;B","description":"Castle Carcassonne","publisher":{"@id":"https:\/\/www.chateaudepuicheric.fr\/en\/#organization"},"potentialAction":[{"@type":"SearchAction","target":{"@type":"EntryPoint","urlTemplate":"https:\/\/www.chateaudepuicheric.fr\/en\/?s={search_term_string}"},"query-input":{"@type":"PropertyValueSpecification","valueRequired":true,"valueName":"search_term_string"}}],"inLanguage":"en-US"},{"@type":"Organization","@id":"https:\/\/www.chateaudepuicheric.fr\/en\/#organization","name":"Ch\u00e2teau de Puich\u00e9ric - B&amp;B","url":"https:\/\/www.chateaudepuicheric.fr\/en\/","logo":{"@type":"ImageObject","inLanguage":"en-US","@id":"https:\/\/www.chateaudepuicheric.fr\/en\/#\/schema\/logo\/image\/","url":"https:\/\/www.chateaudepuicheric.fr\/en\/wp-content\/media\/sites\/3\/Logo-Ch\u00e2teau-de-Puich\u00e9ric-4.png","contentUrl":"https:\/\/www.chateaudepuicheric.fr\/en\/wp-content\/media\/sites\/3\/Logo-Ch\u00e2teau-de-Puich\u00e9ric-4.png","width":1170,"height":155,"caption":"Ch\u00e2teau de Puich\u00e9ric - B&amp;B"},"image":{"@id":"https:\/\/www.chateaudepuicheric.fr\/en\/#\/schema\/logo\/image\/"}}]}},"_links":{"self":[{"href":"https:\/\/www.chateaudepuicheric.fr\/en\/wp-json\/wp\/v2\/pages\/2043","targetHints":{"allow":["GET"]}}],"collection":[{"href":"https:\/\/www.chateaudepuicheric.fr\/en\/wp-json\/wp\/v2\/pages"}],"about":[{"href":"https:\/\/www.chateaudepuicheric.fr\/en\/wp-json\/wp\/v2\/types\/page"}],"author":[{"embeddable":true,"href":"https:\/\/www.chateaudepuicheric.fr\/en\/wp-json\/wp\/v2\/users\/1"}],"replies":[{"embeddable":true,"href":"https:\/\/www.chateaudepuicheric.fr\/en\/wp-json\/wp\/v2\/comments?post=2043"}],"version-history":[{"count":0,"href":"https:\/\/www.chateaudepuicheric.fr\/en\/wp-json\/wp\/v2\/pages\/2043\/revisions"}],"wp:attachment":[{"href":"https:\/\/www.chateaudepuicheric.fr\/en\/wp-json\/wp\/v2\/media?parent=2043"}],"curies":[{"name":"wp","href":"https:\/\/api.w.org\/{rel}","templated":true}]}}