{"id":2086,"date":"2021-08-17T21:38:51","date_gmt":"2021-08-17T19:38:51","guid":{"rendered":"https:\/\/www.chateaudepuicheric.fr\/en\/?page_id=2086"},"modified":"2024-07-13T09:27:25","modified_gmt":"2024-07-13T07:27:25","slug":"holiday-rental-in-the-castle","status":"publish","type":"page","link":"https:\/\/www.chateaudepuicheric.fr\/en\/holiday-rental-in-the-castle\/","title":{"rendered":"Holiday rental in the Castle"},"content":{"rendered":"\n<p><strong>Open since 15 July, there are still vacancies between 20 and 27 August, and from 7 September !<\/strong><\/p>\n\n\n\n<p>The holiday rental at Puich\u00e9ric Castle is located in the north wing; it includes a large dining room (43m\u00b2), a kitchen (19m\u00b2), a terrace (13m\u00b2) and one to four bedrooms, depending on the configuration chosen.<\/p>\n\n\n\n<div class=\"wp-block-columns is-layout-flex wp-container-core-columns-is-layout-9d6595d7 wp-block-columns-is-layout-flex\">\n<div class=\"wp-block-column is-layout-flow wp-block-column-is-layout-flow\">\n<figure class=\"wp-block-image size-large\"><img decoding=\"async\" src=\"https:\/\/www.chateaudepuicheric.fr\/wp-content\/media\/puicheric-chateau-mai-34-1024x684.jpg\" alt=\"\" class=\"wp-image-18009\"\/><figcaption class=\"wp-element-caption\">West terrasse<\/figcaption><\/figure>\n\n\n\n<figure class=\"wp-block-image size-large is-resized\"><img decoding=\"async\" src=\"https:\/\/www.chateaudepuicheric.fr\/wp-content\/media\/puicheric-chateau-mai-7-1024x683.jpg\" alt=\"\" class=\"wp-image-18018\" style=\"width:579px;height:386px\"\/><figcaption class=\"wp-element-caption\">Pierre-Paul Riquet room<\/figcaption><\/figure>\n\n\n\n<figure class=\"wp-block-image size-large\"><img decoding=\"async\" src=\"https:\/\/www.chateaudepuicheric.fr\/wp-content\/media\/Salle-a-manger-4.jpeg\" alt=\"\" class=\"wp-image-18206\"\/><figcaption class=\"wp-element-caption\">Dining room<\/figcaption><\/figure>\n\n\n\n<figure class=\"wp-block-image size-large\"><img decoding=\"async\" src=\"https:\/\/www.chateaudepuicheric.fr\/wp-content\/media\/puicheric-chateau-mai-RW-23-1024x684.jpg\" alt=\"\" class=\"wp-image-18022\"\/><figcaption class=\"wp-element-caption\">Corridor<\/figcaption><\/figure>\n<\/div>\n\n\n\n<div class=\"wp-block-column is-layout-flow wp-block-column-is-layout-flow\">\n<figure class=\"wp-block-image size-large is-resized\"><img decoding=\"async\" src=\"https:\/\/www.chateaudepuicheric.fr\/wp-content\/media\/Cuisine-gite-Chateau-de-Puicheric-1024x684.jpg\" alt=\"\" class=\"wp-image-18010\" style=\"width:599px;height:400px\"\/><figcaption class=\"wp-element-caption\">Kicheen<\/figcaption><\/figure>\n\n\n\n<figure class=\"wp-block-image size-large\"><img decoding=\"async\" src=\"https:\/\/www.chateaudepuicheric.fr\/wp-content\/media\/puicheric-chateau-mai-13-1024x684.jpg\" alt=\"\" class=\"wp-image-18017\"\/><figcaption class=\"wp-element-caption\">Louise de Montaigne parents room<\/figcaption><\/figure>\n\n\n\n<figure class=\"wp-block-image size-large\"><img decoding=\"async\" src=\"https:\/\/www.chateaudepuicheric.fr\/wp-content\/media\/puicheric-chateau-mai-40-1024x684.jpg\" alt=\"\" class=\"wp-image-18020\"\/><figcaption class=\"wp-element-caption\">Farjonel room<\/figcaption><\/figure>\n\n\n\n<figure class=\"wp-block-image size-large\"><img decoding=\"async\" src=\"https:\/\/www.chateaudepuicheric.fr\/wp-content\/media\/puicheric-chateau-mai-RW-45-1024x684.jpg\" alt=\"\" class=\"wp-image-18023\"\/><figcaption class=\"wp-element-caption\">East Terrasse (Riquet)<\/figcaption><\/figure>\n<\/div>\n<\/div>\n\n\n\n<div class=\"wp-block-columns is-layout-flex wp-container-core-columns-is-layout-9d6595d7 wp-block-columns-is-layout-flex\">\n<div class=\"wp-block-column is-layout-flow wp-block-column-is-layout-flow\">\n<figure class=\"wp-block-image size-large\"><img decoding=\"async\" src=\"https:\/\/www.chateaudepuicheric.fr\/wp-content\/media\/Piscine-1024x768.jpeg\" alt=\"\" class=\"wp-image-18207\"\/><figcaption class=\"wp-element-caption\">Swiming pool<\/figcaption><\/figure>\n<\/div>\n\n\n\n<div class=\"wp-block-column is-layout-flow wp-block-column-is-layout-flow\">\n<figure class=\"wp-block-image size-large\"><img decoding=\"async\" src=\"https:\/\/www.chateaudepuicheric.fr\/wp-content\/media\/WhatsApp-Image-2021-07-23-at-13.10.26.jpeg\" alt=\"\" class=\"wp-image-18208\"\/><figcaption class=\"wp-element-caption\">Swiming pool<\/figcaption><\/figure>\n<\/div>\n<\/div>\n\n\n\n<p>The minimal configuration consists of the Farjonel room (2 adults) to which may be added the Louise de Montaigne suite (2 adults + 2 children) and the Riquet room (2 adults + 2 enfants).<\/p>\n\n\n\n<p>The rental accommodation has access to a small swimming pool (10m\u00b2) with an uninterrupted view over the Montagne Noire, and a laundry room (washing machine, iron).<\/p>\n\n\n\n<p><strong>Everything is included in the price (welcome basket, towels, gas\/electricity\/cleaning, tourist tax<\/strong>).<\/p>\n\n\n\n<figure class=\"wp-block-table is-style-stripes\"><table><tbody><tr><td><strong>Kitchen + dining room + terrasse +<\/strong><\/td><td class=\"has-text-align-center\" data-align=\"center\"><strong>WE (2 nights)<\/strong><\/td><td class=\"has-text-align-center\" data-align=\"center\"><strong>WE (3 nights)<\/strong><\/td><td class=\"has-text-align-center\" data-align=\"center\"><strong>Week (7 nights)<\/strong><\/td><\/tr><tr><td>Montaigne (2 adults + 3 children ) &#8211; 116m\u00b2<\/td><td class=\"has-text-align-center\" data-align=\"center\">430\u20ac<\/td><td class=\"has-text-align-center\" data-align=\"center\">580\u20ac<\/td><td class=\"has-text-align-center\" data-align=\"center\">1200\u20ac<\/td><\/tr><tr><td>Montaigne + Farjonel (4 adults + 2 children) &#8211; 141m\u00b2<\/td><td class=\"has-text-align-center\" data-align=\"center\">550\u20ac<\/td><td class=\"has-text-align-center\" data-align=\"center\">740\u20ac<\/td><td class=\"has-text-align-center\" data-align=\"center\">1520\u20ac<\/td><\/tr><tr><td>Montaigne + Riquet (4 adults + 4 children) &#8211; 145m\u00b2<\/td><td class=\"has-text-align-center\" data-align=\"center\">620\u20ac<\/td><td class=\"has-text-align-center\" data-align=\"center\">840\u20ac<\/td><td class=\"has-text-align-center\" data-align=\"center\">1720\u20ac<\/td><\/tr><tr><td>Montaigne + Riquet + Farjonel (6 adults + 4 children) 170m\u00b2<\/td><td class=\"has-text-align-center\" data-align=\"center\">750\u20ac<\/td><td class=\"has-text-align-center\" data-align=\"center\">1010\u20ac<\/td><td class=\"has-text-align-center\" data-align=\"center\">2060\u20ac<\/td><\/tr><\/tbody><\/table><\/figure>\n\n\n\n<p>Two extra beds may be added if needed (20\u20ac per bed).<\/p>\n\n\n\n<p>The other rooms, Brettes-Thurin (2 adults + 1 child) and Lascaris (2 adults), may also be adjoined to increase the rental&#8217;s capacity, and in this case you may also enjoy the hanging garden.<\/p>\n\n\n\n<p>An overall&nbsp; view of the accommodation :<\/p>\n\n\n\n<iframe loading=\"lazy\" src=\"https:\/\/www.cybevasion.fr\/annonces_planning.php?id_annonce=71394&amp;langue=en&amp;display_line&amp;transparent\" name=\"planning\" width=\"100%\" height=\"240\" frameborder=\"0\"><\/iframe>\n","protected":false},"excerpt":{"rendered":"<p>Open since 15 July, there are still vacancies between 20 and 27 August, and from 7 September ! The holiday rental at Puich\u00e9ric Castle is located in the north wing; it includes a large dining room (43m\u00b2), a kitchen (19m\u00b2), a terrace (13m\u00b2) and one to four bedrooms, depending on the configuration chosen. The minimal &#8230; <a title=\"Holiday rental in the Castle\" class=\"read-more\" href=\"https:\/\/www.chateaudepuicheric.fr\/en\/holiday-rental-in-the-castle\/\" aria-label=\"Read more about Holiday rental in the Castle\">Read more<\/a><\/p>\n","protected":false},"author":1,"featured_media":0,"parent":0,"menu_order":0,"comment_status":"closed","ping_status":"closed","template":"","meta":{"footnotes":""},"class_list":["post-2086","page","type-page","status-publish"],"yoast_head":"<!-- This site is optimized with the Yoast SEO plugin v27.3 - https:\/\/yoast.com\/product\/yoast-seo-wordpress\/ -->\n<title>Holiday rental in the Castle - Ch\u00e2teau de Puich\u00e9ric - B&amp;B<\/title>\n<meta name=\"robots\" content=\"index, follow, max-snippet:-1, max-image-preview:large, max-video-preview:-1\" \/>\n<link rel=\"canonical\" href=\"https:\/\/www.chateaudepuicheric.fr\/en\/holiday-rental-in-the-castle\/\" \/>\n<meta property=\"og:locale\" content=\"en_US\" \/>\n<meta property=\"og:type\" content=\"article\" \/>\n<meta property=\"og:title\" content=\"Holiday rental in the Castle - Ch\u00e2teau de Puich\u00e9ric - B&amp;B\" \/>\n<meta property=\"og:description\" content=\"Open since 15 July, there are still vacancies between 20 and 27 August, and from 7 September ! The holiday rental at Puich\u00e9ric Castle is located in the north wing; it includes a large dining room (43m\u00b2), a kitchen (19m\u00b2), a terrace (13m\u00b2) and one to four bedrooms, depending on the configuration chosen. The minimal ... Read more\" \/>\n<meta property=\"og:url\" content=\"https:\/\/www.chateaudepuicheric.fr\/en\/holiday-rental-in-the-castle\/\" \/>\n<meta property=\"og:site_name\" content=\"Ch\u00e2teau de Puich\u00e9ric - B&amp;B\" \/>\n<meta property=\"article:modified_time\" content=\"2024-07-13T07:27:25+00:00\" \/>\n<meta property=\"og:image\" content=\"https:\/\/www.chateaudepuicheric.fr\/wp-content\/media\/puicheric-chateau-mai-34-1024x684.jpg\" \/>\n<meta name=\"twitter:card\" content=\"summary_large_image\" \/>\n<meta name=\"twitter:label1\" content=\"Est. reading time\" \/>\n\t<meta name=\"twitter:data1\" content=\"4 minutes\" \/>\n<script type=\"application\/ld+json\" class=\"yoast-schema-graph\">{\"@context\":\"https:\\\/\\\/schema.org\",\"@graph\":[{\"@type\":\"WebPage\",\"@id\":\"https:\\\/\\\/www.chateaudepuicheric.fr\\\/en\\\/holiday-rental-in-the-castle\\\/\",\"url\":\"https:\\\/\\\/www.chateaudepuicheric.fr\\\/en\\\/holiday-rental-in-the-castle\\\/\",\"name\":\"Holiday rental in the Castle - Ch\u00e2teau de Puich\u00e9ric - B&amp;B\",\"isPartOf\":{\"@id\":\"https:\\\/\\\/www.chateaudepuicheric.fr\\\/en\\\/#website\"},\"primaryImageOfPage\":{\"@id\":\"https:\\\/\\\/www.chateaudepuicheric.fr\\\/en\\\/holiday-rental-in-the-castle\\\/#primaryimage\"},\"image\":{\"@id\":\"https:\\\/\\\/www.chateaudepuicheric.fr\\\/en\\\/holiday-rental-in-the-castle\\\/#primaryimage\"},\"thumbnailUrl\":\"https:\\\/\\\/www.chateaudepuicheric.fr\\\/wp-content\\\/media\\\/puicheric-chateau-mai-34-1024x684.jpg\",\"datePublished\":\"2021-08-17T19:38:51+00:00\",\"dateModified\":\"2024-07-13T07:27:25+00:00\",\"breadcrumb\":{\"@id\":\"https:\\\/\\\/www.chateaudepuicheric.fr\\\/en\\\/holiday-rental-in-the-castle\\\/#breadcrumb\"},\"inLanguage\":\"en-US\",\"potentialAction\":[{\"@type\":\"ReadAction\",\"target\":[\"https:\\\/\\\/www.chateaudepuicheric.fr\\\/en\\\/holiday-rental-in-the-castle\\\/\"]}]},{\"@type\":\"ImageObject\",\"inLanguage\":\"en-US\",\"@id\":\"https:\\\/\\\/www.chateaudepuicheric.fr\\\/en\\\/holiday-rental-in-the-castle\\\/#primaryimage\",\"url\":\"https:\\\/\\\/www.chateaudepuicheric.fr\\\/wp-content\\\/media\\\/puicheric-chateau-mai-34-1024x684.jpg\",\"contentUrl\":\"https:\\\/\\\/www.chateaudepuicheric.fr\\\/wp-content\\\/media\\\/puicheric-chateau-mai-34-1024x684.jpg\"},{\"@type\":\"BreadcrumbList\",\"@id\":\"https:\\\/\\\/www.chateaudepuicheric.fr\\\/en\\\/holiday-rental-in-the-castle\\\/#breadcrumb\",\"itemListElement\":[{\"@type\":\"ListItem\",\"position\":1,\"name\":\"Accueil\",\"item\":\"https:\\\/\\\/www.chateaudepuicheric.fr\\\/en\\\/\"},{\"@type\":\"ListItem\",\"position\":2,\"name\":\"Holiday rental in the Castle\"}]},{\"@type\":\"WebSite\",\"@id\":\"https:\\\/\\\/www.chateaudepuicheric.fr\\\/en\\\/#website\",\"url\":\"https:\\\/\\\/www.chateaudepuicheric.fr\\\/en\\\/\",\"name\":\"Ch\u00e2teau de Puich\u00e9ric - B&amp;B\",\"description\":\"Castle Carcassonne\",\"publisher\":{\"@id\":\"https:\\\/\\\/www.chateaudepuicheric.fr\\\/en\\\/#organization\"},\"potentialAction\":[{\"@type\":\"SearchAction\",\"target\":{\"@type\":\"EntryPoint\",\"urlTemplate\":\"https:\\\/\\\/www.chateaudepuicheric.fr\\\/en\\\/?s={search_term_string}\"},\"query-input\":{\"@type\":\"PropertyValueSpecification\",\"valueRequired\":true,\"valueName\":\"search_term_string\"}}],\"inLanguage\":\"en-US\"},{\"@type\":\"Organization\",\"@id\":\"https:\\\/\\\/www.chateaudepuicheric.fr\\\/en\\\/#organization\",\"name\":\"Ch\u00e2teau de Puich\u00e9ric - B&amp;B\",\"url\":\"https:\\\/\\\/www.chateaudepuicheric.fr\\\/en\\\/\",\"logo\":{\"@type\":\"ImageObject\",\"inLanguage\":\"en-US\",\"@id\":\"https:\\\/\\\/www.chateaudepuicheric.fr\\\/en\\\/#\\\/schema\\\/logo\\\/image\\\/\",\"url\":\"https:\\\/\\\/www.chateaudepuicheric.fr\\\/en\\\/wp-content\\\/media\\\/sites\\\/3\\\/Logo-Ch\u00e2teau-de-Puich\u00e9ric-4.png\",\"contentUrl\":\"https:\\\/\\\/www.chateaudepuicheric.fr\\\/en\\\/wp-content\\\/media\\\/sites\\\/3\\\/Logo-Ch\u00e2teau-de-Puich\u00e9ric-4.png\",\"width\":1170,\"height\":155,\"caption\":\"Ch\u00e2teau de Puich\u00e9ric - B&amp;B\"},\"image\":{\"@id\":\"https:\\\/\\\/www.chateaudepuicheric.fr\\\/en\\\/#\\\/schema\\\/logo\\\/image\\\/\"}}]}<\/script>\n<!-- \/ Yoast SEO plugin. -->","yoast_head_json":{"title":"Holiday rental in the Castle - Ch\u00e2teau de Puich\u00e9ric - B&amp;B","robots":{"index":"index","follow":"follow","max-snippet":"max-snippet:-1","max-image-preview":"max-image-preview:large","max-video-preview":"max-video-preview:-1"},"canonical":"https:\/\/www.chateaudepuicheric.fr\/en\/holiday-rental-in-the-castle\/","og_locale":"en_US","og_type":"article","og_title":"Holiday rental in the Castle - Ch\u00e2teau de Puich\u00e9ric - B&amp;B","og_description":"Open since 15 July, there are still vacancies between 20 and 27 August, and from 7 September ! The holiday rental at Puich\u00e9ric Castle is located in the north wing; it includes a large dining room (43m\u00b2), a kitchen (19m\u00b2), a terrace (13m\u00b2) and one to four bedrooms, depending on the configuration chosen. The minimal ... Read more","og_url":"https:\/\/www.chateaudepuicheric.fr\/en\/holiday-rental-in-the-castle\/","og_site_name":"Ch\u00e2teau de Puich\u00e9ric - B&amp;B","article_modified_time":"2024-07-13T07:27:25+00:00","og_image":[{"url":"https:\/\/www.chateaudepuicheric.fr\/wp-content\/media\/puicheric-chateau-mai-34-1024x684.jpg","type":"","width":"","height":""}],"twitter_card":"summary_large_image","twitter_misc":{"Est. reading time":"4 minutes"},"schema":{"@context":"https:\/\/schema.org","@graph":[{"@type":"WebPage","@id":"https:\/\/www.chateaudepuicheric.fr\/en\/holiday-rental-in-the-castle\/","url":"https:\/\/www.chateaudepuicheric.fr\/en\/holiday-rental-in-the-castle\/","name":"Holiday rental in the Castle - Ch\u00e2teau de Puich\u00e9ric - B&amp;B","isPartOf":{"@id":"https:\/\/www.chateaudepuicheric.fr\/en\/#website"},"primaryImageOfPage":{"@id":"https:\/\/www.chateaudepuicheric.fr\/en\/holiday-rental-in-the-castle\/#primaryimage"},"image":{"@id":"https:\/\/www.chateaudepuicheric.fr\/en\/holiday-rental-in-the-castle\/#primaryimage"},"thumbnailUrl":"https:\/\/www.chateaudepuicheric.fr\/wp-content\/media\/puicheric-chateau-mai-34-1024x684.jpg","datePublished":"2021-08-17T19:38:51+00:00","dateModified":"2024-07-13T07:27:25+00:00","breadcrumb":{"@id":"https:\/\/www.chateaudepuicheric.fr\/en\/holiday-rental-in-the-castle\/#breadcrumb"},"inLanguage":"en-US","potentialAction":[{"@type":"ReadAction","target":["https:\/\/www.chateaudepuicheric.fr\/en\/holiday-rental-in-the-castle\/"]}]},{"@type":"ImageObject","inLanguage":"en-US","@id":"https:\/\/www.chateaudepuicheric.fr\/en\/holiday-rental-in-the-castle\/#primaryimage","url":"https:\/\/www.chateaudepuicheric.fr\/wp-content\/media\/puicheric-chateau-mai-34-1024x684.jpg","contentUrl":"https:\/\/www.chateaudepuicheric.fr\/wp-content\/media\/puicheric-chateau-mai-34-1024x684.jpg"},{"@type":"BreadcrumbList","@id":"https:\/\/www.chateaudepuicheric.fr\/en\/holiday-rental-in-the-castle\/#breadcrumb","itemListElement":[{"@type":"ListItem","position":1,"name":"Accueil","item":"https:\/\/www.chateaudepuicheric.fr\/en\/"},{"@type":"ListItem","position":2,"name":"Holiday rental in the Castle"}]},{"@type":"WebSite","@id":"https:\/\/www.chateaudepuicheric.fr\/en\/#website","url":"https:\/\/www.chateaudepuicheric.fr\/en\/","name":"Ch\u00e2teau de Puich\u00e9ric - B&amp;B","description":"Castle Carcassonne","publisher":{"@id":"https:\/\/www.chateaudepuicheric.fr\/en\/#organization"},"potentialAction":[{"@type":"SearchAction","target":{"@type":"EntryPoint","urlTemplate":"https:\/\/www.chateaudepuicheric.fr\/en\/?s={search_term_string}"},"query-input":{"@type":"PropertyValueSpecification","valueRequired":true,"valueName":"search_term_string"}}],"inLanguage":"en-US"},{"@type":"Organization","@id":"https:\/\/www.chateaudepuicheric.fr\/en\/#organization","name":"Ch\u00e2teau de Puich\u00e9ric - B&amp;B","url":"https:\/\/www.chateaudepuicheric.fr\/en\/","logo":{"@type":"ImageObject","inLanguage":"en-US","@id":"https:\/\/www.chateaudepuicheric.fr\/en\/#\/schema\/logo\/image\/","url":"https:\/\/www.chateaudepuicheric.fr\/en\/wp-content\/media\/sites\/3\/Logo-Ch\u00e2teau-de-Puich\u00e9ric-4.png","contentUrl":"https:\/\/www.chateaudepuicheric.fr\/en\/wp-content\/media\/sites\/3\/Logo-Ch\u00e2teau-de-Puich\u00e9ric-4.png","width":1170,"height":155,"caption":"Ch\u00e2teau de Puich\u00e9ric - B&amp;B"},"image":{"@id":"https:\/\/www.chateaudepuicheric.fr\/en\/#\/schema\/logo\/image\/"}}]}},"_links":{"self":[{"href":"https:\/\/www.chateaudepuicheric.fr\/en\/wp-json\/wp\/v2\/pages\/2086","targetHints":{"allow":["GET"]}}],"collection":[{"href":"https:\/\/www.chateaudepuicheric.fr\/en\/wp-json\/wp\/v2\/pages"}],"about":[{"href":"https:\/\/www.chateaudepuicheric.fr\/en\/wp-json\/wp\/v2\/types\/page"}],"author":[{"embeddable":true,"href":"https:\/\/www.chateaudepuicheric.fr\/en\/wp-json\/wp\/v2\/users\/1"}],"replies":[{"embeddable":true,"href":"https:\/\/www.chateaudepuicheric.fr\/en\/wp-json\/wp\/v2\/comments?post=2086"}],"version-history":[{"count":0,"href":"https:\/\/www.chateaudepuicheric.fr\/en\/wp-json\/wp\/v2\/pages\/2086\/revisions"}],"wp:attachment":[{"href":"https:\/\/www.chateaudepuicheric.fr\/en\/wp-json\/wp\/v2\/media?parent=2086"}],"curies":[{"name":"wp","href":"https:\/\/api.w.org\/{rel}","templated":true}]}}