{"id":2208,"date":"2023-04-14T17:03:19","date_gmt":"2023-04-14T15:03:19","guid":{"rendered":"https:\/\/www.chateaudepuicheric.fr\/en\/?page_id=2208"},"modified":"2025-06-02T12:41:52","modified_gmt":"2025-06-02T10:41:52","slug":"infos-contact","status":"publish","type":"page","link":"https:\/\/www.chateaudepuicheric.fr\/en\/infos-contact\/","title":{"rendered":"Infos\/Contact"},"content":{"rendered":"\n<p><\/p>\n\n\n\n<div class=\"wp-block-columns is-layout-flex wp-container-core-columns-is-layout-9d6595d7 wp-block-columns-is-layout-flex\">\n<div class=\"wp-block-column is-layout-flow wp-block-column-is-layout-flow\">\n<div class=\"wpcf7 no-js\" id=\"wpcf7-f35-o1\" lang=\"fr-FR\" dir=\"ltr\" data-wpcf7-id=\"35\">\n<div class=\"screen-reader-response\"><p role=\"status\" aria-live=\"polite\" aria-atomic=\"true\"><\/p> <ul><\/ul><\/div>\n<form action=\"\/en\/wp-json\/wp\/v2\/pages\/2208#wpcf7-f35-o1\" method=\"post\" class=\"wpcf7-form init\" aria-label=\"Formulaire de contact\" novalidate=\"novalidate\" data-status=\"init\">\n<fieldset class=\"hidden-fields-container\"><input type=\"hidden\" name=\"_wpcf7\" value=\"35\" \/><input type=\"hidden\" name=\"_wpcf7_version\" value=\"6.1.5\" \/><input type=\"hidden\" name=\"_wpcf7_locale\" value=\"fr_FR\" \/><input type=\"hidden\" name=\"_wpcf7_unit_tag\" value=\"wpcf7-f35-o1\" \/><input type=\"hidden\" name=\"_wpcf7_container_post\" value=\"0\" \/><input type=\"hidden\" name=\"_wpcf7_posted_data_hash\" value=\"\" \/>\n<\/fieldset>\n<div id=\"hidecontactform7contactform\">\n\t<p><span class=\"wpcf7-form-control-wrap\" data-name=\"your-name\"><input size=\"31\" maxlength=\"400\" class=\"wpcf7-form-control wpcf7-text wpcf7-validates-as-required\" aria-required=\"true\" aria-invalid=\"false\" placeholder=\"Name *\" value=\"\" type=\"text\" name=\"your-name\" \/><\/span><span class=\"wpcf7-form-control-wrap\" data-name=\"your-email\"><input size=\"31\" maxlength=\"400\" class=\"wpcf7-form-control wpcf7-email wpcf7-validates-as-required wpcf7-text wpcf7-validates-as-email\" aria-required=\"true\" aria-invalid=\"false\" placeholder=\"Email *\" value=\"\" type=\"email\" name=\"your-email\" \/><\/span><br \/>\n<span class=\"wpcf7-form-control-wrap\" data-name=\"telephone\"><input size=\"31\" maxlength=\"400\" class=\"wpcf7-form-control wpcf7-text wpcf7-validates-as-required\" aria-required=\"true\" aria-invalid=\"false\" placeholder=\"Phone Number *\" value=\"\" type=\"text\" name=\"telephone\" \/><\/span><span class=\"wpcf7-form-control-wrap\" data-name=\"date-arrivee\"><input size=\"31\" maxlength=\"400\" class=\"wpcf7-form-control wpcf7-text\" aria-invalid=\"false\" placeholder=\"Arrival date *\" value=\"\" type=\"text\" name=\"date-arrivee\" \/><\/span><br \/>\n<label> Room <span class=\"wpcf7-form-control-wrap\" data-name=\"menu-chambre\"><select class=\"wpcf7-form-control wpcf7-select\" aria-invalid=\"false\" name=\"menu-chambre\"><option value=\"\">&#8212;Veuillez choisir une option&#8212;<\/option><option value=\"Lascaris (90\u20ac\/2p)\">Lascaris (90\u20ac\/2p)<\/option><option value=\"Farjonel (90\u20ac\/2p)\">Farjonel (90\u20ac\/2p)<\/option><option value=\"Brettes-Thurin (110\u20ac\/2p)\">Brettes-Thurin (110\u20ac\/2p)<\/option><option value=\"Montaigne (110\u20ac\/2p)\">Montaigne (110\u20ac\/2p)<\/option><option value=\"Riquet (110\u20ac\/2p)\">Riquet (110\u20ac\/2p)<\/option><option value=\"Vacation rental\">Vacation rental<\/option><\/select><\/span> <\/label><label> <span class=\"wpcf7-form-control-wrap\" data-name=\"nuits\"><input class=\"wpcf7-form-control wpcf7-number wpcf7-validates-as-required wpcf7-validates-as-number\" min=\"1\" max=\"9\" aria-required=\"true\" aria-invalid=\"false\" value=\"2\" type=\"number\" name=\"nuits\" \/><\/span> night(s) (1 night +10\u20ac)<\/label><br \/>\n<label> <span class=\"wpcf7-form-control-wrap\" data-name=\"adultes\"><input class=\"wpcf7-form-control wpcf7-number wpcf7-validates-as-required wpcf7-validates-as-number\" min=\"1\" max=\"9\" aria-required=\"true\" aria-invalid=\"false\" value=\"2\" type=\"number\" name=\"adultes\" \/><\/span> adult(s) <\/label><label> <span class=\"wpcf7-form-control-wrap\" data-name=\"enfants\"><input class=\"wpcf7-form-control wpcf7-number wpcf7-validates-as-required wpcf7-validates-as-number\" min=\"0\" max=\"9\" aria-required=\"true\" aria-invalid=\"false\" value=\"0\" type=\"number\" name=\"enfants\" \/><\/span> child(ren) <\/label><br \/>\n<label> Your message <span class=\"wpcf7-form-control-wrap\" data-name=\"texte\"><textarea cols=\"1\" rows=\"2\" maxlength=\"2000\" class=\"wpcf7-form-control wpcf7-textarea\" aria-invalid=\"false\" name=\"texte\">We would like to book at the ch\u00e2teau de Puich\u00e9ric. Have you rooms available ?<\/textarea><\/span> <\/label><br \/>\n<span class=\"wpcf7-form-control-wrap\" data-name=\"capital-quiz\"><label><span class=\"wpcf7-quiz-label\">Which is bigger, 2 or 8?<\/span> <input size=\"40\" class=\"wpcf7-form-control wpcf7-quiz\" autocomplete=\"off\" aria-required=\"true\" aria-invalid=\"false\" type=\"text\" name=\"capital-quiz\" \/><\/label><input type=\"hidden\" name=\"_wpcf7_quiz_answer_capital-quiz\" value=\"ac06c3f132e936a4289c147f8c5bcc02\" \/><\/span><br \/>\n<input class=\"wpcf7-form-control wpcf7-submit has-spinner\" type=\"submit\" value=\"Send\" \/>\n\t<\/p>\n<\/div><input type='hidden' class='wpcf7-pum' value='{\"closepopup\":false,\"closedelay\":0,\"openpopup\":false,\"openpopup_id\":0}' \/><div class=\"wpcf7-response-output\" aria-hidden=\"true\"><\/div>\n<\/form>\n<\/div>\n\n\n\n\n<p><\/p>\n\n\n\n<h2 class=\"wp-block-heading has-text-align-center\"><strong>Informations<\/strong><\/h2>\n\n\n\n<h2 class=\"wp-block-heading\"><strong>For dinner<\/strong><\/h2>\n\n\n\n<ul class=\"wp-block-list\">\n<li><strong><a href=\"https:\/\/www.facebook.com\/p\/Chez-modeste-100069341596531\/\">Chez Modeste<\/a><\/strong>\u00a0(<a href=\"https:\/\/www.google.com\/search?q=chez+modeste+puich%C3%A9ric&amp;num=10&amp;sca_esv=b5b85f1110a5fb0d&amp;sxsrf=AHTn8zpTNp6JgPAOmeeHB5zpMtCh2uyckw%3A1746626027873&amp;ei=62UbaOaKNaCckdUPjZKpsA0&amp;ved=0ahUKEwimrMn_wJGNAxUgTqQEHQ1JCtYQ4dUDCBA&amp;uact=5&amp;oq=chez+modeste+puich%C3%A9ric&amp;gs_lp=Egxnd3Mtd2l6LXNlcnAiF2NoZXogbW9kZXN0ZSBwdWljaMOpcmljMgoQIxiABBgnGIoFMg4QLhiABBjHARiOBRivATICECYyCBAAGIAEGKIEMggQABiiBBiJBTIIEAAYgAQYogQyHRAuGIAEGMcBGI4FGK8BGJcFGNwEGN4EGOAE2AEBSPsTUP4DWMgPcAF4AJABAJgBXaABuQSqAQE3uAEDyAEA-AEBmAIIoALoBMICCBAAGLADGO8FwgILEAAYsAMYogQYiQXCAgsQABiABBiwAxiiBMICBhAAGAcYHsICBRAAGO8FwgIHECMYsAIYJ5gDAIgGAZAGBboGBggBEAEYFJIHAzcuMaAHxR-yBwM2LjG4B9wE&amp;sclient=gws-wiz-serp#\">04 68 12 14 70<\/a>), Friday and Saturday,<\/li>\n\n\n\n<li> <strong><a href=\"https:\/\/www.facebook.com\/profile.php?id=61559074421996\">L\u2019Hor-loge<\/a>,\u00a0<\/strong>(06 85 36 85 39) not on Sunday,<\/li>\n\n\n\n<li> La<strong>\u00a0<\/strong><a href=\"https:\/\/www.facebook.com\/61575527410511\/photos\/122107749794850913\/\"><strong>Pizzeria\u00a0 \u00ab\u00a0Chez Romero\u00a0\u00bb<\/strong><\/a>\u00a0(<a href=\"https:\/\/www.google.com\/search?q=chez+romero+puich%C3%A9ric&amp;oq=chez&amp;gs_lcrp=EgZjaHJvbWUqCAgAEEUYJxg7MggIABBFGCcYOzIGCAEQIxgnMgYIAhBFGDsyBggDEEUYOTIKCAQQABixAxiABDIGCAUQRRg8MgYIBhBFGDwyBggHEEUYPNIBCTEwOTc5ajFqNKgCALACAA&amp;sourceid=chrome&amp;ie=UTF-8#\">04 68 43 89 23<\/a>), not on Monday,<\/li>\n\n\n\n<li> <a href=\"https:\/\/www.facebook.com\/septimaniapuicheric\/\"><strong>Septimania<\/strong><\/a> (06 89 77 54 93) until 6PM,<\/li>\n\n\n\n<li> <strong>The bakery<\/strong>, the supermarket CocciMarket (04 68 75 82 29),<\/li>\n\n\n\n<li> Kitcheen on request, et picnic in the garden,<\/li>\n\n\n\n<li> On request<strong> dinner in the Castle : a light dinner <\/strong>is proposed (quiche \/ salad + wine : 20\u20ac + 5\u20ac for extra -cheese, desert- ). To be confirmed 2 days before the stay. Dinner either in the garden or in the dining room.<\/li>\n<\/ul>\n\n\n\n<h2 class=\"wp-block-heading\"><strong>Where to find us<\/strong><\/h2>\n\n\n\n<p><strong>By bicycle&nbsp;:<\/strong><br>Half a mile from the Canal du Midi (PK135), over a small stone bridge (marker 59), you will immediately see the church, and then the stout stone walls of the castle tower, And if you want to give <a href=\"https:\/\/www.chateaudepuicheric.fr\/en\/canal-du-midi-questionnaire\/\">some comments on the Canal du Midi<\/a>, you can let it <a href=\"https:\/\/www.chateaudepuicheric.fr\/en\/canal-du-midi-questionnaire\/\">here<\/a>.<\/p>\n\n\n\n<p><strong>By car :<\/strong><br>Between Carcassonne (25 min) and Narbonne (35 min), follow the little river &#8220;la rigole&#8221;. The castle stands beside the church on a small rocky outcrop in the middle&nbsp;&nbsp;of Puich\u00e9ric. With its imposing<br>walls and square tower, you can\u2019t miss it.<br><strong>Avoid to go through the rue de l&#8217;\u00e9glise whitch is very narrow.<\/strong><br>You can park near the main entrance to the south. Then climb one of the two stairways&#8230;.<br>You can also park to the west, behind and below the castle. For the slightly more adventurous, you can drive right up behind the castle where there is private parking for three cars&#8230;.<\/p>\n\n\n\n<h2 class=\"wp-block-heading\"><strong>Payment<\/strong><\/h2>\n\n\n\n<p>Bank transfer, Credit Card or cash.<\/p>\n\n\n\n<h2 class=\"wp-block-heading\"><strong>Usefull links<\/strong><\/h2>\n\n\n\n<p><a href=\"http:\/\/www.grand-carcassonne-tourisme.fr\/\" target=\"_blank\" rel=\"noreferrer noopener\">Office du Grand Carcassonne<\/a><br><a href=\"http:\/\/www.audetourisme.com\/\" target=\"_blank\" rel=\"noreferrer noopener\">Tourisme dans l\u2019Aude<\/a><br><a href=\"http:\/\/www.abbayedelagrasse.com\/\" target=\"_blank\" rel=\"noreferrer noopener\">Abbaye de Lagrasse<\/a><br><a href=\"http:\/\/www.fontfroide.com\/\" target=\"_blank\" rel=\"noreferrer noopener\">Abbaye de Fontfroide<\/a><br><a href=\"http:\/\/www.eau-rizon.org\/\" target=\"_blank\" rel=\"noreferrer noopener\">Eau-rizon<\/a><\/p>\n\n\n\n<h2 class=\"wp-block-heading\"><strong>Credit<\/strong><\/h2>\n\n\n\n<p><strong>Website<\/strong> : WordPress &#8211; GeneratePress<br><strong>Translations<\/strong> :&nbsp;English : Fronza Woods &amp; Simon Pleasance,&nbsp;Espa\u00f1ol : Emma Galy<\/p>\n\n\n\n<figure class=\"wp-block-image size-full\"><img decoding=\"async\" width=\"1024\" height=\"582\" src=\"https:\/\/www.chateaudepuicheric.fr\/en\/wp-content\/media\/sites\/3\/image.jpg\" alt=\"\" class=\"wp-image-2209\" srcset=\"https:\/\/www.chateaudepuicheric.fr\/en\/wp-content\/media\/sites\/3\/image.jpg 1024w, https:\/\/www.chateaudepuicheric.fr\/en\/wp-content\/media\/sites\/3\/image-300x171.jpg 300w, https:\/\/www.chateaudepuicheric.fr\/en\/wp-content\/media\/sites\/3\/image-768x437.jpg 768w, https:\/\/www.chateaudepuicheric.fr\/en\/wp-content\/media\/sites\/3\/image-600x341.jpg 600w\" sizes=\"(max-width: 1024px) 100vw, 1024px\" \/><\/figure>\n\n\n\n<iframe loading=\"lazy\" src=\"https:\/\/www.google.com\/maps\/embed?pb=!1m18!1m12!1m3!1d2813.261031071446!2d2.6238256023496387!3d43.22398691634704!2m3!1f0!2f0!3f0!3m2!1i1024!2i768!4f13.1!3m3!1m2!1s0x12b1ce072c51a1f3%3A0x2530444d0ba2767!2sCh%C3%A2teau%20de%20Puicheric%20-%20Chambre%20d'H%C3%B4tes!5e1!3m2!1sfr!2sfr!4v1602705432658!5m2!1sfr!2sfr\" width=\"800\" height=\"600\" frameborder=\"0\" style=\"border:0;\" allowfullscreen=\"\" aria-hidden=\"false\" tabindex=\"0\"><\/iframe>\n\n\n\n<figure class=\"wp-block-image size-full\"><img decoding=\"async\" width=\"640\" height=\"318\" src=\"https:\/\/www.chateaudepuicheric.fr\/en\/wp-content\/media\/sites\/3\/image-1.jpg\" alt=\"\" class=\"wp-image-2211\" srcset=\"https:\/\/www.chateaudepuicheric.fr\/en\/wp-content\/media\/sites\/3\/image-1.jpg 640w, https:\/\/www.chateaudepuicheric.fr\/en\/wp-content\/media\/sites\/3\/image-1-300x149.jpg 300w, https:\/\/www.chateaudepuicheric.fr\/en\/wp-content\/media\/sites\/3\/image-1-600x298.jpg 600w\" sizes=\"(max-width: 640px) 100vw, 640px\" \/><\/figure>\n<\/div>\n<\/div>\n\n\n\n<p>&nbsp;<\/p>\n<h2><strong>Parter links<\/strong><\/h2>\n<p><script src=\"http:\/\/www.jscache.com\/wejs?wtype=selfserveprop&amp;uniq=188&amp;locationId=4162071&amp;lang=fr&amp;rating=true&amp;nreviews=4&amp;writereviewlink=true&amp;popIdx=true&amp;iswide=true&amp;border=true\"><\/script><img decoding=\"async\" class=\"alignnone wp-image-17257\" src=\"https:\/\/www.chateaudepuicheric.fr\/wp-content\/media\/Sawdays-1.png\" alt=\"\" width=\"60\" height=\"60\">&nbsp;<a href=\"https:\/\/www.relaxbiketours.com\/fr\/homepage.htm\" target=\"_blank\" rel=\"noopener noreferrer\"><img decoding=\"async\" src=\"\/wp-content\/media\/relax_rentals.gif\" width=\"70\" height=\"70\" border=\"0\"><\/a> &nbsp; &nbsp;&nbsp;<a href=\"https:\/\/www.cybevasion.fr\/chambres-hotes-chateau-de-puicheric-puicheric-e29620.html\" target=\"_blank\" rel=\"noopener noreferrer\"><img decoding=\"async\" src=\"https:\/\/www.cybevasion.fr\/lib3\/logo_header2.png\" width=\"150\" height=\"28\"><\/a> <a href=\"https:\/\/www.ancv.com\/\" target=\"_blank\" rel=\"noopener noreferrer\"><img decoding=\"async\" class=\"alignnone\" src=\"https:\/\/www.chateaudepuicheric.fr\/wp-content\/media\/ancv.gif\" alt=\"Accueil\" width=\"50\" height=\"50\"><\/a><a href=\"https:\/\/www.francevelotourisme.com\/base-1\/troncons\/le-canal-du-midi-a-velo-de-carcassonne-a-le-somail\"><img decoding=\"async\" class=\"alignnone size-thumbnail wp-image-405\" src=\"https:\/\/www.chateaudepuicheric.fr\/wp-content\/media\/Logo-Accueil-V\u00e9lo-150x150.jpg\" alt=\"Accueil V\u00e9lo\" width=\"50\" height=\"50\"><\/a><a href=\"https:\/\/www.chateaudepuicheric.fr\/wp-content\/media\/logo_chambre_dhotes_reference_1-250x230.jpg\"><img decoding=\"async\" class=\"alignnone wp-image-15934\" src=\"https:\/\/www.chateaudepuicheric.fr\/wp-content\/media\/logo_chambre_dhotes_reference_1-250x230.jpg\" alt=\"\" width=\"75\" height=\"69\"><\/a><\/p>\n<div class=\"fb-like-box\" data-colorscheme=\"light\" data-header=\"true\" data-href=\"https:\/\/www.facebook.com\/pages\/Ch%C3%A2teau-de-Puich%C3%A9ric\/469809423082370\" data-show-border=\"true\" data-show-faces=\"false\" data-stream=\"false\">&nbsp;<\/div>\n<div id=\"fb-root\">&nbsp;<\/div>\n<p><script>(function(d, s, id) {<br \/>\n  var js, fjs = d.getElementsByTagName(s)[0];<br \/>\n  if (d.getElementById(id)) return;<br \/>\n  js = d.createElement(s); js.id = id;<br \/>\n  js.src = \"\/\/connect.facebook.net\/fr_FR\/sdk.js#xfbml=1&version=v2.0\";<br \/>\n  fjs.parentNode.insertBefore(js, fjs);<br \/>\n}(document, 'scrip<span data-mce-type=\"bookmark\" style=\"display: inline-block; width: 0px; overflow: hidden; line-height: 0;\" class=\"mce_SELRES_start\">\ufeff<\/span>t', 'facebook-jssdk'));<\/script><\/p>\n\n\n\n<h2 class=\"wp-block-heading\"><\/h2>\n","protected":false},"excerpt":{"rendered":"<p>Informations For dinner Where to find us By bicycle&nbsp;:Half a mile from the Canal du Midi (PK135), over a small stone bridge (marker 59), you will immediately see the church, and then the stout stone walls of the castle tower, And if you want to give some comments on the Canal du Midi, you can &#8230; <a title=\"Infos\/Contact\" class=\"read-more\" href=\"https:\/\/www.chateaudepuicheric.fr\/en\/infos-contact\/\" aria-label=\"Read more about Infos\/Contact\">Read more<\/a><\/p>\n","protected":false},"author":1,"featured_media":0,"parent":0,"menu_order":0,"comment_status":"closed","ping_status":"closed","template":"","meta":{"footnotes":""},"class_list":["post-2208","page","type-page","status-publish"],"yoast_head":"<!-- This site is optimized with the Yoast SEO plugin v27.5 - https:\/\/yoast.com\/product\/yoast-seo-wordpress\/ -->\n<title>Infos\/Contact - Ch\u00e2teau de Puich\u00e9ric - B&amp;B<\/title>\n<meta name=\"robots\" content=\"index, follow, max-snippet:-1, max-image-preview:large, max-video-preview:-1\" \/>\n<link rel=\"canonical\" href=\"https:\/\/www.chateaudepuicheric.fr\/en\/infos-contact\/\" \/>\n<meta property=\"og:locale\" content=\"en_US\" \/>\n<meta property=\"og:type\" content=\"article\" \/>\n<meta property=\"og:title\" content=\"Infos\/Contact - Ch\u00e2teau de Puich\u00e9ric - B&amp;B\" \/>\n<meta property=\"og:description\" content=\"Informations For dinner Where to find us By bicycle&nbsp;:Half a mile from the Canal du Midi (PK135), over a small stone bridge (marker 59), you will immediately see the church, and then the stout stone walls of the castle tower, And if you want to give some comments on the Canal du Midi, you can ... Read more\" \/>\n<meta property=\"og:url\" content=\"https:\/\/www.chateaudepuicheric.fr\/en\/infos-contact\/\" \/>\n<meta property=\"og:site_name\" content=\"Ch\u00e2teau de Puich\u00e9ric - B&amp;B\" \/>\n<meta property=\"article:modified_time\" content=\"2025-06-02T10:41:52+00:00\" \/>\n<meta property=\"og:image\" content=\"https:\/\/www.chateaudepuicheric.fr\/en\/wp-content\/media\/sites\/3\/image.jpg\" \/>\n\t<meta property=\"og:image:width\" content=\"1024\" \/>\n\t<meta property=\"og:image:height\" content=\"582\" \/>\n\t<meta property=\"og:image:type\" content=\"image\/jpeg\" \/>\n<meta name=\"twitter:card\" content=\"summary_large_image\" \/>\n<meta name=\"twitter:label1\" content=\"Est. reading time\" \/>\n\t<meta name=\"twitter:data1\" content=\"3 minutes\" \/>\n<script type=\"application\/ld+json\" class=\"yoast-schema-graph\">{\"@context\":\"https:\\\/\\\/schema.org\",\"@graph\":[{\"@type\":\"WebPage\",\"@id\":\"https:\\\/\\\/www.chateaudepuicheric.fr\\\/en\\\/infos-contact\\\/\",\"url\":\"https:\\\/\\\/www.chateaudepuicheric.fr\\\/en\\\/infos-contact\\\/\",\"name\":\"Infos\\\/Contact - Ch\u00e2teau de Puich\u00e9ric - B&amp;B\",\"isPartOf\":{\"@id\":\"https:\\\/\\\/www.chateaudepuicheric.fr\\\/en\\\/#website\"},\"primaryImageOfPage\":{\"@id\":\"https:\\\/\\\/www.chateaudepuicheric.fr\\\/en\\\/infos-contact\\\/#primaryimage\"},\"image\":{\"@id\":\"https:\\\/\\\/www.chateaudepuicheric.fr\\\/en\\\/infos-contact\\\/#primaryimage\"},\"thumbnailUrl\":\"https:\\\/\\\/www.chateaudepuicheric.fr\\\/en\\\/wp-content\\\/media\\\/sites\\\/3\\\/image.jpg\",\"datePublished\":\"2023-04-14T15:03:19+00:00\",\"dateModified\":\"2025-06-02T10:41:52+00:00\",\"breadcrumb\":{\"@id\":\"https:\\\/\\\/www.chateaudepuicheric.fr\\\/en\\\/infos-contact\\\/#breadcrumb\"},\"inLanguage\":\"en-US\",\"potentialAction\":[{\"@type\":\"ReadAction\",\"target\":[\"https:\\\/\\\/www.chateaudepuicheric.fr\\\/en\\\/infos-contact\\\/\"]}]},{\"@type\":\"ImageObject\",\"inLanguage\":\"en-US\",\"@id\":\"https:\\\/\\\/www.chateaudepuicheric.fr\\\/en\\\/infos-contact\\\/#primaryimage\",\"url\":\"https:\\\/\\\/www.chateaudepuicheric.fr\\\/en\\\/wp-content\\\/media\\\/sites\\\/3\\\/image.jpg\",\"contentUrl\":\"https:\\\/\\\/www.chateaudepuicheric.fr\\\/en\\\/wp-content\\\/media\\\/sites\\\/3\\\/image.jpg\",\"width\":1024,\"height\":582},{\"@type\":\"BreadcrumbList\",\"@id\":\"https:\\\/\\\/www.chateaudepuicheric.fr\\\/en\\\/infos-contact\\\/#breadcrumb\",\"itemListElement\":[{\"@type\":\"ListItem\",\"position\":1,\"name\":\"Accueil\",\"item\":\"https:\\\/\\\/www.chateaudepuicheric.fr\\\/en\\\/\"},{\"@type\":\"ListItem\",\"position\":2,\"name\":\"Infos\\\/Contact\"}]},{\"@type\":\"WebSite\",\"@id\":\"https:\\\/\\\/www.chateaudepuicheric.fr\\\/en\\\/#website\",\"url\":\"https:\\\/\\\/www.chateaudepuicheric.fr\\\/en\\\/\",\"name\":\"Ch\u00e2teau de Puich\u00e9ric - B&amp;B\",\"description\":\"Castle Carcassonne\",\"publisher\":{\"@id\":\"https:\\\/\\\/www.chateaudepuicheric.fr\\\/en\\\/#organization\"},\"potentialAction\":[{\"@type\":\"SearchAction\",\"target\":{\"@type\":\"EntryPoint\",\"urlTemplate\":\"https:\\\/\\\/www.chateaudepuicheric.fr\\\/en\\\/?s={search_term_string}\"},\"query-input\":{\"@type\":\"PropertyValueSpecification\",\"valueRequired\":true,\"valueName\":\"search_term_string\"}}],\"inLanguage\":\"en-US\"},{\"@type\":\"Organization\",\"@id\":\"https:\\\/\\\/www.chateaudepuicheric.fr\\\/en\\\/#organization\",\"name\":\"Ch\u00e2teau de Puich\u00e9ric - B&amp;B\",\"url\":\"https:\\\/\\\/www.chateaudepuicheric.fr\\\/en\\\/\",\"logo\":{\"@type\":\"ImageObject\",\"inLanguage\":\"en-US\",\"@id\":\"https:\\\/\\\/www.chateaudepuicheric.fr\\\/en\\\/#\\\/schema\\\/logo\\\/image\\\/\",\"url\":\"https:\\\/\\\/www.chateaudepuicheric.fr\\\/en\\\/wp-content\\\/media\\\/sites\\\/3\\\/Logo-Ch\u00e2teau-de-Puich\u00e9ric-4.png\",\"contentUrl\":\"https:\\\/\\\/www.chateaudepuicheric.fr\\\/en\\\/wp-content\\\/media\\\/sites\\\/3\\\/Logo-Ch\u00e2teau-de-Puich\u00e9ric-4.png\",\"width\":1170,\"height\":155,\"caption\":\"Ch\u00e2teau de Puich\u00e9ric - B&amp;B\"},\"image\":{\"@id\":\"https:\\\/\\\/www.chateaudepuicheric.fr\\\/en\\\/#\\\/schema\\\/logo\\\/image\\\/\"}}]}<\/script>\n<!-- \/ Yoast SEO plugin. -->","yoast_head_json":{"title":"Infos\/Contact - Ch\u00e2teau de Puich\u00e9ric - B&amp;B","robots":{"index":"index","follow":"follow","max-snippet":"max-snippet:-1","max-image-preview":"max-image-preview:large","max-video-preview":"max-video-preview:-1"},"canonical":"https:\/\/www.chateaudepuicheric.fr\/en\/infos-contact\/","og_locale":"en_US","og_type":"article","og_title":"Infos\/Contact - Ch\u00e2teau de Puich\u00e9ric - B&amp;B","og_description":"Informations For dinner Where to find us By bicycle&nbsp;:Half a mile from the Canal du Midi (PK135), over a small stone bridge (marker 59), you will immediately see the church, and then the stout stone walls of the castle tower, And if you want to give some comments on the Canal du Midi, you can ... Read more","og_url":"https:\/\/www.chateaudepuicheric.fr\/en\/infos-contact\/","og_site_name":"Ch\u00e2teau de Puich\u00e9ric - B&amp;B","article_modified_time":"2025-06-02T10:41:52+00:00","og_image":[{"width":1024,"height":582,"url":"https:\/\/www.chateaudepuicheric.fr\/en\/wp-content\/media\/sites\/3\/image.jpg","type":"image\/jpeg"}],"twitter_card":"summary_large_image","twitter_misc":{"Est. reading time":"3 minutes"},"schema":{"@context":"https:\/\/schema.org","@graph":[{"@type":"WebPage","@id":"https:\/\/www.chateaudepuicheric.fr\/en\/infos-contact\/","url":"https:\/\/www.chateaudepuicheric.fr\/en\/infos-contact\/","name":"Infos\/Contact - Ch\u00e2teau de Puich\u00e9ric - B&amp;B","isPartOf":{"@id":"https:\/\/www.chateaudepuicheric.fr\/en\/#website"},"primaryImageOfPage":{"@id":"https:\/\/www.chateaudepuicheric.fr\/en\/infos-contact\/#primaryimage"},"image":{"@id":"https:\/\/www.chateaudepuicheric.fr\/en\/infos-contact\/#primaryimage"},"thumbnailUrl":"https:\/\/www.chateaudepuicheric.fr\/en\/wp-content\/media\/sites\/3\/image.jpg","datePublished":"2023-04-14T15:03:19+00:00","dateModified":"2025-06-02T10:41:52+00:00","breadcrumb":{"@id":"https:\/\/www.chateaudepuicheric.fr\/en\/infos-contact\/#breadcrumb"},"inLanguage":"en-US","potentialAction":[{"@type":"ReadAction","target":["https:\/\/www.chateaudepuicheric.fr\/en\/infos-contact\/"]}]},{"@type":"ImageObject","inLanguage":"en-US","@id":"https:\/\/www.chateaudepuicheric.fr\/en\/infos-contact\/#primaryimage","url":"https:\/\/www.chateaudepuicheric.fr\/en\/wp-content\/media\/sites\/3\/image.jpg","contentUrl":"https:\/\/www.chateaudepuicheric.fr\/en\/wp-content\/media\/sites\/3\/image.jpg","width":1024,"height":582},{"@type":"BreadcrumbList","@id":"https:\/\/www.chateaudepuicheric.fr\/en\/infos-contact\/#breadcrumb","itemListElement":[{"@type":"ListItem","position":1,"name":"Accueil","item":"https:\/\/www.chateaudepuicheric.fr\/en\/"},{"@type":"ListItem","position":2,"name":"Infos\/Contact"}]},{"@type":"WebSite","@id":"https:\/\/www.chateaudepuicheric.fr\/en\/#website","url":"https:\/\/www.chateaudepuicheric.fr\/en\/","name":"Ch\u00e2teau de Puich\u00e9ric - B&amp;B","description":"Castle Carcassonne","publisher":{"@id":"https:\/\/www.chateaudepuicheric.fr\/en\/#organization"},"potentialAction":[{"@type":"SearchAction","target":{"@type":"EntryPoint","urlTemplate":"https:\/\/www.chateaudepuicheric.fr\/en\/?s={search_term_string}"},"query-input":{"@type":"PropertyValueSpecification","valueRequired":true,"valueName":"search_term_string"}}],"inLanguage":"en-US"},{"@type":"Organization","@id":"https:\/\/www.chateaudepuicheric.fr\/en\/#organization","name":"Ch\u00e2teau de Puich\u00e9ric - B&amp;B","url":"https:\/\/www.chateaudepuicheric.fr\/en\/","logo":{"@type":"ImageObject","inLanguage":"en-US","@id":"https:\/\/www.chateaudepuicheric.fr\/en\/#\/schema\/logo\/image\/","url":"https:\/\/www.chateaudepuicheric.fr\/en\/wp-content\/media\/sites\/3\/Logo-Ch\u00e2teau-de-Puich\u00e9ric-4.png","contentUrl":"https:\/\/www.chateaudepuicheric.fr\/en\/wp-content\/media\/sites\/3\/Logo-Ch\u00e2teau-de-Puich\u00e9ric-4.png","width":1170,"height":155,"caption":"Ch\u00e2teau de Puich\u00e9ric - B&amp;B"},"image":{"@id":"https:\/\/www.chateaudepuicheric.fr\/en\/#\/schema\/logo\/image\/"}}]}},"_links":{"self":[{"href":"https:\/\/www.chateaudepuicheric.fr\/en\/wp-json\/wp\/v2\/pages\/2208","targetHints":{"allow":["GET"]}}],"collection":[{"href":"https:\/\/www.chateaudepuicheric.fr\/en\/wp-json\/wp\/v2\/pages"}],"about":[{"href":"https:\/\/www.chateaudepuicheric.fr\/en\/wp-json\/wp\/v2\/types\/page"}],"author":[{"embeddable":true,"href":"https:\/\/www.chateaudepuicheric.fr\/en\/wp-json\/wp\/v2\/users\/1"}],"replies":[{"embeddable":true,"href":"https:\/\/www.chateaudepuicheric.fr\/en\/wp-json\/wp\/v2\/comments?post=2208"}],"version-history":[{"count":0,"href":"https:\/\/www.chateaudepuicheric.fr\/en\/wp-json\/wp\/v2\/pages\/2208\/revisions"}],"wp:attachment":[{"href":"https:\/\/www.chateaudepuicheric.fr\/en\/wp-json\/wp\/v2\/media?parent=2208"}],"curies":[{"name":"wp","href":"https:\/\/api.w.org\/{rel}","templated":true}]}}