{"id":29,"date":"2017-07-09T12:19:16","date_gmt":"2017-07-09T10:19:16","guid":{"rendered":"http:\/\/www.chateaudepuicheric.fr\/en\/?page_id=29"},"modified":"2025-08-05T14:41:26","modified_gmt":"2025-08-05T12:41:26","slug":"chateau-de-puicheric-bb","status":"publish","type":"page","link":"https:\/\/www.chateaudepuicheric.fr\/en\/","title":{"rendered":"Close to Carcassonne and to Canal du Midi &#8211; B&#038;B Castle"},"content":{"rendered":"<p>Within easy reach of Carcassonne\u2019s bustling Walled City and the tranquil Canal du Midi, charming B&amp;B guestrooms in a Historic Monument, Puich\u00e9ric Castle. An unforgettable experience which is yours to enjoy for as little as 90\u20ac\/2p a night. This feudal Castle surveys a small village offering everything you need.<\/p>\n<p>If you are a lover of buildings with a history, you will be impressed as soon as you enter the front gate and then set foot in the strikingly original square courtyard. You can let your imagination roam back to a bygone age, protected from the hubbub of the modern world in the serene surroundings of a Mediterranean garden. Chairs to relax in and romantic nooks await you.<\/p>\n<p>The Castle may be old, but inside, the brand new bedding and bathrooms offer every modern comfort. And to while away the time you can try your hand at musical instruments (pianos, guitars\u2026) and a vintage pinball machine (free!).<\/p>\n\n<p>When we arrived at the Castle in 2010, it had been slumbering for 20 years, and had not had any renovation work done for a century. This meant that it had preserved all its authenticity. After urgent repair work, the interior needed renovating. Right now, we are improving the outside with new fa\u00e7ades and walls. And already you can, in all safety, admire the 13<sup>th<\/sup> century tower, its frescoes, and the 17<sup>th<\/sup> century painted ceilings in the Louise de Montaigne room.<\/p>\n<p>The Castle is an excellent base for visiting Carcassonne, nearby Cathar strongholds, the huge Chasm of Cabr\u00e9spine and the Cave of &nbsp;Limousis. &nbsp;But you can also have a relaxing time bicycling, horse-back riding, or canoeing on the river Aude with the Eaurizon company. The sea is not far away: Fleury with its cabins, Narbonne beach, Gruissan on its stilts, and Bages on its lagoon&#8230;<\/p>\n<p>It will be our pleasure to make your stay with us a memorable one. And we will do everything we can to ensure that you will want to come back.<\/p>\n<p>The Castle has been featured in local TV reports (<a href=\"https:\/\/www.lci.fr\/societe\/aude-a-la-decouverte-du-chateau-de-puicheric-2061405.html\" target=\"_blank\" rel=\"noopener noreferrer\"><strong>TF1<\/strong><\/a> and <a href=\"https:\/\/www.chateaudepuicheric.fr\/film\/\" target=\"_blank\" rel=\"noopener noreferrer\"><strong>FR3<\/strong><\/a>)\u2014feel free to check them out.<\/p>\n\n<div class=\"gwolle-gb\"><div class=\"gwolle-gb-messages-top-container\"><\/div>\n\t\t\t<div class=\"gwolle-gb-write-button\">\n\t\t\t\t<input type=\"button\" name=\"gwolle-gb-write-button\" class=\"button btn btn-default \" value=\"Write a new entry.\" aria-expanded=\"false\" \/>\n\t\t\t<\/div>\n\t\t\t<form action=\"#\" method=\"POST\" class=\"gwolle-gb-write gwolle-gb-hide gwolle-gb-float gwolle-gb-form-ajax gwolle-gb-ajax gwolle-gb-not-logged-in\">\n\t\t\t\t<h3>\u00c9crivez un nouveau message dans le livre d\u2019or<\/h3>\n\t\t\t\t<button type=\"button\" class=\"gb-notice-dismiss\">x<span class=\"screen-reader-text\">Hide this form.<\/span><\/button>\n\t\t\t\n\t\t\t\t<input type=\"hidden\" name=\"gwolle_gb_function\" class=\"gwolle_gb_function\" value=\"add_entry\" \/><input type=\"hidden\" name=\"gwolle_gb_book_id\" class=\"gwolle_gb_book_id\" value=\"1\" \/><div class=\"gwolle_gb_ab9140cf51b42508ac5629bfbf87a45e\">\n\t\t\t\t<div class=\"label\"><label for=\"gwolle_gb_ab9140cf51b42508ac5629bfbf87a45e-1\" class=\"text-info\">Name <span class=\"required\">*<\/span><\/label><\/div>\n\t\t\t\t<div class=\"input\"><input class=\"wp-exclude-emoji gwolle_gb_ab9140cf51b42508ac5629bfbf87a45e\" value=\"\" type=\"text\" id=\"gwolle_gb_ab9140cf51b42508ac5629bfbf87a45e-1\" name=\"gwolle_gb_ab9140cf51b42508ac5629bfbf87a45e\" required \/><\/div>\n\t\t\t\t<div class=\"clearBoth\">&nbsp;<\/div>\n\t\t\t<\/div><div class=\"gwolle_gb_5479b43ee03564fe04ef29860d441f04\">\n\t\t\t\t\t<div class=\"label\"><label for=\"gwolle_gb_5479b43ee03564fe04ef29860d441f04-1\" class=\"text-info\">City<\/label><\/div>\n\t\t\t\t\t<div class=\"input\"><input class=\"wp-exclude-emoji gwolle_gb_5479b43ee03564fe04ef29860d441f04\" value=\"\" type=\"text\" id=\"gwolle_gb_5479b43ee03564fe04ef29860d441f04-1\" name=\"gwolle_gb_5479b43ee03564fe04ef29860d441f04\" \/><\/div>\n\t\t\t\t\t<div class=\"clearBoth\">&nbsp;<\/div>\n\t\t\t\t<\/div><div class=\"gwolle_gb_192f1ced66ca2094ef12b6517d733b3d\">\n\t\t\t\t<div class=\"label\"><label for=\"gwolle_gb_192f1ced66ca2094ef12b6517d733b3d-1\" class=\"text-info\">Email <span class=\"required\">*<\/span><\/label><\/div>\n\t\t\t\t<div class=\"input\"><input class=\"gwolle_gb_192f1ced66ca2094ef12b6517d733b3d\" value=\"\" type=\"email\" id=\"gwolle_gb_192f1ced66ca2094ef12b6517d733b3d-1\" name=\"gwolle_gb_192f1ced66ca2094ef12b6517d733b3d\" required \/><\/div>\n\t\t\t\t<div class=\"clearBoth\">&nbsp;<\/div>\n\t\t\t<\/div><div class=\"gwolle_gb_04b910cf9c3d4120aa2967275b542cf7\">\n\t\t\t\t<div class=\"label\"><label for=\"gwolle_gb_04b910cf9c3d4120aa2967275b542cf7-1\" class=\"text-info\">Website<\/label><\/div>\n\t\t\t\t<div class=\"input\"><input class=\"gwolle_gb_04b910cf9c3d4120aa2967275b542cf7\" value=\"\" type=\"url\" id=\"gwolle_gb_04b910cf9c3d4120aa2967275b542cf7-1\" name=\"gwolle_gb_04b910cf9c3d4120aa2967275b542cf7\" \/><\/div>\n\t\t\t\t<div class=\"clearBoth\">&nbsp;<\/div>\n\t\t\t<\/div>\n\t\t\t<div class=\"gwolle_gb_fb53a17728ea530c756cd525b2e60cfe\" style=\"display:none;overflow:hidden;\" hidden=\"true\" aria-hidden=\"true\">\n\t\t\t\t<div class=\"label\">\n\t\t\t\t\t<label for=\"gwolle_gb_fb53a17728ea530c756cd525b2e60cfe-1\" class=\"text-primary\">Do not touch this<\/label>\n\t\t\t\t\t<label for=\"gwolle_gb_f120de7fa734addd704a3e948ea43103-1\" class=\"text-primary\">Do not touch this<\/label>\n\t\t\t\t<\/div>\n\t\t\t\t<div class=\"input\">\n\t\t\t\t\t<input value=\"12\" type=\"text\" id=\"gwolle_gb_fb53a17728ea530c756cd525b2e60cfe-1\" name=\"gwolle_gb_fb53a17728ea530c756cd525b2e60cfe\" class=\"gwolle_gb_fb53a17728ea530c756cd525b2e60cfe\" style=\"transform: translateY(10000px);\" \/>\n\t\t\t\t\t<input value=\"\" type=\"text\" name=\"gwolle_gb_f120de7fa734addd704a3e948ea43103\" id=\"gwolle_gb_f120de7fa734addd704a3e948ea43103-1\" class=\"gwolle_gb_f120de7fa734addd704a3e948ea43103\" style=\"transform: translateY(10000px);\" \/>\n\t\t\t\t<\/div>\n\t\t\t\t<div class=\"clearBoth\"><\/div>\n\t\t\t<\/div>\n\t\t\t<div class=\"gwolle_gb_8d46e4efeb431067f9d6d7dc1f4c6cd6\" style=\"display:none;overflow:hidden;\" hidden=\"true\" aria-hidden=\"true\">\n\t\t\t\t<div class=\"label\">\n\t\t\t\t\t<label for=\"gwolle_gb_8d46e4efeb431067f9d6d7dc1f4c6cd6-1\" class=\"text-primary\">Do not touch this<\/label>\n\t\t\t\t\t<label for=\"gwolle_gb_314a03abbeab4f04e2dbd3074b00dd6a-1\" class=\"text-primary\">Do not touch this<\/label>\n\t\t\t\t<\/div>\n\t\t\t\t<div class=\"input\">\n\t\t\t\t\t<input value=\"74096\" type=\"text\" id=\"gwolle_gb_8d46e4efeb431067f9d6d7dc1f4c6cd6-1\" name=\"gwolle_gb_8d46e4efeb431067f9d6d7dc1f4c6cd6\" class=\"gwolle_gb_8d46e4efeb431067f9d6d7dc1f4c6cd6\" style=\"transform: translateY(10000px);\" \/>\n\t\t\t\t\t<input value=\"74096\" type=\"text\"id=\"gwolle_gb_314a03abbeab4f04e2dbd3074b00dd6a-1\" name=\"gwolle_gb_314a03abbeab4f04e2dbd3074b00dd6a\" class=\"gwolle_gb_314a03abbeab4f04e2dbd3074b00dd6a\" style=\"transform: translateY(10000px);\" \/>\n\t\t\t\t<\/div>\n\t\t\t\t<div class=\"clearBoth\"><\/div>\n\t\t\t<\/div><div class=\"gwolle_gb_content\">\n\t\t\t\t<div class=\"label\"><label for=\"gwolle_gb_content-1\" class=\"text-info\">Guestbook entry <span class=\"required\">*<\/span><\/label><\/div>\n\t\t\t\t<div class=\"input\"><textarea id=\"gwolle_gb_content-1\" name=\"gwolle_gb_content\" class=\"gwolle_gb_content wp-exclude-emoji\" required ><\/textarea><\/div>\n\t\t\t\t\t<div class=\"clearBoth\">&nbsp;<\/div>\n\t\t\t\t<\/div><input type=\"hidden\" class=\"gwolle_gb_b2ad0e7d2dcab6ea6cb3278927152ae0\" id=\"gwolle_gb_b2ad0e7d2dcab6ea6cb3278927152ae0-1\" name=\"gwolle_gb_b2ad0e7d2dcab6ea6cb3278927152ae0\" value=\"f6ac5c537d\" \/>\n\t\t\t<div class=\"gwolle-gb-messages-bottom-container\"><\/div>\n\n\t\t\t<noscript><div class=\"no-js\">Warning: This form can only be used if JavaScript is enabled in your browser.<\/div><\/noscript>\n\n\t\t\t<div class=\"gwolle_gb_submit gwolle-gb-submit\">\n\t\t\t\t<div class=\"label gwolle-gb-invisible text-muted\">&nbsp;<\/div>\n\t\t\t\t<div class=\"input\">\n\t\t\t\t\t<input type=\"submit\" name=\"gwolle_gb_submit\" class=\"gwolle_gb_submit button btn btn-primary \" value=\"Submit\" \/>\n\t\t\t\t\t<span class=\"gwolle_gb_submit_ajax_icon gwolle-gb-submit-ajax-icon\"><\/span>\n\t\t\t\n\t\t\t\t<\/div>\n\t\t\t\t<div class=\"clearBoth\">&nbsp;<\/div>\n\t\t\t<\/div>\n\n\t\t\t<div class=\"gwolle_gb_notice gwolle-gb-notice\">\n\t\t\t\tLes champs marqu\u00e9s avec un * sont obligatoires.<br \/>\r\nVotre adresse e-mail ne sera pas publi\u00e9e.<br \/>\r\nIl se pourrait que votre message n\u2019apparaisse dans le livre d\u2019or qu\u2019apr\u00e8s que nous l\u2019ayons v\u00e9rifi\u00e9.\n\t\t\t<\/div><\/form><div class=\"gwolle-gb-read gwolle-gb-ajax gwolle-gb-entries-list\" data-book_id=\"1\">(no entries yet)<\/div><\/div>\n","protected":false},"excerpt":{"rendered":"<p>Within easy reach of Carcassonne\u2019s bustling Walled City and the tranquil Canal du Midi, charming B&amp;B guestrooms in a Historic Monument, Puich\u00e9ric Castle. An unforgettable experience which is yours to enjoy for as little as 90\u20ac\/2p a night. This feudal Castle surveys a small village offering everything you need. If you are a lover of &#8230; <a title=\"Close to Carcassonne and to Canal du Midi &#8211; B&#038;B Castle\" class=\"read-more\" href=\"https:\/\/www.chateaudepuicheric.fr\/en\/\" aria-label=\"Read more about Close to Carcassonne and to Canal du Midi &#8211; B&#038;B Castle\">Read more<\/a><\/p>\n","protected":false},"author":1,"featured_media":2179,"parent":0,"menu_order":1,"comment_status":"closed","ping_status":"closed","template":"","meta":{"footnotes":""},"class_list":["post-29","page","type-page","status-publish","has-post-thumbnail"],"yoast_head":"<!-- This site is optimized with the Yoast SEO plugin v27.5 - https:\/\/yoast.com\/product\/yoast-seo-wordpress\/ -->\n<title>Close to Carcassonne and to Canal du Midi - B&amp;B Castle - Ch\u00e2teau de Puich\u00e9ric - B&amp;B<\/title>\n<meta name=\"robots\" content=\"index, follow, max-snippet:-1, max-image-preview:large, max-video-preview:-1\" \/>\n<link rel=\"canonical\" href=\"https:\/\/www.chateaudepuicheric.fr\/en\/\" \/>\n<meta property=\"og:locale\" content=\"en_US\" \/>\n<meta property=\"og:type\" content=\"article\" \/>\n<meta property=\"og:title\" content=\"Close to Carcassonne and to Canal du Midi - B&amp;B Castle - Ch\u00e2teau de Puich\u00e9ric - B&amp;B\" \/>\n<meta property=\"og:description\" content=\"Within easy reach of Carcassonne\u2019s bustling Walled City and the tranquil Canal du Midi, charming B&amp;B guestrooms in a Historic Monument, Puich\u00e9ric Castle. An unforgettable experience which is yours to enjoy for as little as 90\u20ac\/2p a night. This feudal Castle surveys a small village offering everything you need. If you are a lover of ... Read more\" \/>\n<meta property=\"og:url\" content=\"https:\/\/www.chateaudepuicheric.fr\/en\/\" \/>\n<meta property=\"og:site_name\" content=\"Ch\u00e2teau de Puich\u00e9ric - B&amp;B\" \/>\n<meta property=\"article:modified_time\" content=\"2025-08-05T12:41:26+00:00\" \/>\n<meta property=\"og:image\" content=\"https:\/\/www.chateaudepuicheric.fr\/en\/wp-content\/media\/sites\/3\/Header_210.jpg\" \/>\n\t<meta property=\"og:image:width\" content=\"1320\" \/>\n\t<meta property=\"og:image:height\" content=\"743\" \/>\n\t<meta property=\"og:image:type\" content=\"image\/jpeg\" \/>\n<meta name=\"twitter:card\" content=\"summary_large_image\" \/>\n<meta name=\"twitter:label1\" content=\"Est. reading time\" \/>\n\t<meta name=\"twitter:data1\" content=\"2 minutes\" \/>\n<script type=\"application\/ld+json\" class=\"yoast-schema-graph\">{\"@context\":\"https:\\\/\\\/schema.org\",\"@graph\":[{\"@type\":\"WebPage\",\"@id\":\"https:\\\/\\\/www.chateaudepuicheric.fr\\\/en\\\/\",\"url\":\"https:\\\/\\\/www.chateaudepuicheric.fr\\\/en\\\/\",\"name\":\"Close to Carcassonne and to Canal du Midi - B&B Castle - Ch\u00e2teau de Puich\u00e9ric - B&amp;B\",\"isPartOf\":{\"@id\":\"https:\\\/\\\/www.chateaudepuicheric.fr\\\/en\\\/#website\"},\"primaryImageOfPage\":{\"@id\":\"https:\\\/\\\/www.chateaudepuicheric.fr\\\/en\\\/#primaryimage\"},\"image\":{\"@id\":\"https:\\\/\\\/www.chateaudepuicheric.fr\\\/en\\\/#primaryimage\"},\"thumbnailUrl\":\"https:\\\/\\\/www.chateaudepuicheric.fr\\\/en\\\/wp-content\\\/media\\\/sites\\\/3\\\/Header_210.jpg\",\"datePublished\":\"2017-07-09T10:19:16+00:00\",\"dateModified\":\"2025-08-05T12:41:26+00:00\",\"breadcrumb\":{\"@id\":\"https:\\\/\\\/www.chateaudepuicheric.fr\\\/en\\\/#breadcrumb\"},\"inLanguage\":\"en-US\",\"potentialAction\":[{\"@type\":\"ReadAction\",\"target\":[\"https:\\\/\\\/www.chateaudepuicheric.fr\\\/en\\\/\"]}]},{\"@type\":\"ImageObject\",\"inLanguage\":\"en-US\",\"@id\":\"https:\\\/\\\/www.chateaudepuicheric.fr\\\/en\\\/#primaryimage\",\"url\":\"https:\\\/\\\/www.chateaudepuicheric.fr\\\/en\\\/wp-content\\\/media\\\/sites\\\/3\\\/Header_210.jpg\",\"contentUrl\":\"https:\\\/\\\/www.chateaudepuicheric.fr\\\/en\\\/wp-content\\\/media\\\/sites\\\/3\\\/Header_210.jpg\",\"width\":1320,\"height\":743},{\"@type\":\"BreadcrumbList\",\"@id\":\"https:\\\/\\\/www.chateaudepuicheric.fr\\\/en\\\/#breadcrumb\",\"itemListElement\":[{\"@type\":\"ListItem\",\"position\":1,\"name\":\"Accueil\",\"item\":\"https:\\\/\\\/www.chateaudepuicheric.fr\\\/en\\\/\"},{\"@type\":\"ListItem\",\"position\":2,\"name\":\"Close to Carcassonne and to Canal du Midi &#8211; B&#038;B Castle\"}]},{\"@type\":\"WebSite\",\"@id\":\"https:\\\/\\\/www.chateaudepuicheric.fr\\\/en\\\/#website\",\"url\":\"https:\\\/\\\/www.chateaudepuicheric.fr\\\/en\\\/\",\"name\":\"Ch\u00e2teau de Puich\u00e9ric - B&amp;B\",\"description\":\"Castle Carcassonne\",\"publisher\":{\"@id\":\"https:\\\/\\\/www.chateaudepuicheric.fr\\\/en\\\/#organization\"},\"potentialAction\":[{\"@type\":\"SearchAction\",\"target\":{\"@type\":\"EntryPoint\",\"urlTemplate\":\"https:\\\/\\\/www.chateaudepuicheric.fr\\\/en\\\/?s={search_term_string}\"},\"query-input\":{\"@type\":\"PropertyValueSpecification\",\"valueRequired\":true,\"valueName\":\"search_term_string\"}}],\"inLanguage\":\"en-US\"},{\"@type\":\"Organization\",\"@id\":\"https:\\\/\\\/www.chateaudepuicheric.fr\\\/en\\\/#organization\",\"name\":\"Ch\u00e2teau de Puich\u00e9ric - B&amp;B\",\"url\":\"https:\\\/\\\/www.chateaudepuicheric.fr\\\/en\\\/\",\"logo\":{\"@type\":\"ImageObject\",\"inLanguage\":\"en-US\",\"@id\":\"https:\\\/\\\/www.chateaudepuicheric.fr\\\/en\\\/#\\\/schema\\\/logo\\\/image\\\/\",\"url\":\"https:\\\/\\\/www.chateaudepuicheric.fr\\\/en\\\/wp-content\\\/media\\\/sites\\\/3\\\/Logo-Ch\u00e2teau-de-Puich\u00e9ric-4.png\",\"contentUrl\":\"https:\\\/\\\/www.chateaudepuicheric.fr\\\/en\\\/wp-content\\\/media\\\/sites\\\/3\\\/Logo-Ch\u00e2teau-de-Puich\u00e9ric-4.png\",\"width\":1170,\"height\":155,\"caption\":\"Ch\u00e2teau de Puich\u00e9ric - B&amp;B\"},\"image\":{\"@id\":\"https:\\\/\\\/www.chateaudepuicheric.fr\\\/en\\\/#\\\/schema\\\/logo\\\/image\\\/\"}}]}<\/script>\n<!-- \/ Yoast SEO plugin. -->","yoast_head_json":{"title":"Close to Carcassonne and to Canal du Midi - B&B Castle - Ch\u00e2teau de Puich\u00e9ric - B&amp;B","robots":{"index":"index","follow":"follow","max-snippet":"max-snippet:-1","max-image-preview":"max-image-preview:large","max-video-preview":"max-video-preview:-1"},"canonical":"https:\/\/www.chateaudepuicheric.fr\/en\/","og_locale":"en_US","og_type":"article","og_title":"Close to Carcassonne and to Canal du Midi - B&B Castle - Ch\u00e2teau de Puich\u00e9ric - B&amp;B","og_description":"Within easy reach of Carcassonne\u2019s bustling Walled City and the tranquil Canal du Midi, charming B&amp;B guestrooms in a Historic Monument, Puich\u00e9ric Castle. An unforgettable experience which is yours to enjoy for as little as 90\u20ac\/2p a night. This feudal Castle surveys a small village offering everything you need. If you are a lover of ... Read more","og_url":"https:\/\/www.chateaudepuicheric.fr\/en\/","og_site_name":"Ch\u00e2teau de Puich\u00e9ric - B&amp;B","article_modified_time":"2025-08-05T12:41:26+00:00","og_image":[{"width":1320,"height":743,"url":"https:\/\/www.chateaudepuicheric.fr\/en\/wp-content\/media\/sites\/3\/Header_210.jpg","type":"image\/jpeg"}],"twitter_card":"summary_large_image","twitter_misc":{"Est. reading time":"2 minutes"},"schema":{"@context":"https:\/\/schema.org","@graph":[{"@type":"WebPage","@id":"https:\/\/www.chateaudepuicheric.fr\/en\/","url":"https:\/\/www.chateaudepuicheric.fr\/en\/","name":"Close to Carcassonne and to Canal du Midi - B&B Castle - Ch\u00e2teau de Puich\u00e9ric - B&amp;B","isPartOf":{"@id":"https:\/\/www.chateaudepuicheric.fr\/en\/#website"},"primaryImageOfPage":{"@id":"https:\/\/www.chateaudepuicheric.fr\/en\/#primaryimage"},"image":{"@id":"https:\/\/www.chateaudepuicheric.fr\/en\/#primaryimage"},"thumbnailUrl":"https:\/\/www.chateaudepuicheric.fr\/en\/wp-content\/media\/sites\/3\/Header_210.jpg","datePublished":"2017-07-09T10:19:16+00:00","dateModified":"2025-08-05T12:41:26+00:00","breadcrumb":{"@id":"https:\/\/www.chateaudepuicheric.fr\/en\/#breadcrumb"},"inLanguage":"en-US","potentialAction":[{"@type":"ReadAction","target":["https:\/\/www.chateaudepuicheric.fr\/en\/"]}]},{"@type":"ImageObject","inLanguage":"en-US","@id":"https:\/\/www.chateaudepuicheric.fr\/en\/#primaryimage","url":"https:\/\/www.chateaudepuicheric.fr\/en\/wp-content\/media\/sites\/3\/Header_210.jpg","contentUrl":"https:\/\/www.chateaudepuicheric.fr\/en\/wp-content\/media\/sites\/3\/Header_210.jpg","width":1320,"height":743},{"@type":"BreadcrumbList","@id":"https:\/\/www.chateaudepuicheric.fr\/en\/#breadcrumb","itemListElement":[{"@type":"ListItem","position":1,"name":"Accueil","item":"https:\/\/www.chateaudepuicheric.fr\/en\/"},{"@type":"ListItem","position":2,"name":"Close to Carcassonne and to Canal du Midi &#8211; B&#038;B Castle"}]},{"@type":"WebSite","@id":"https:\/\/www.chateaudepuicheric.fr\/en\/#website","url":"https:\/\/www.chateaudepuicheric.fr\/en\/","name":"Ch\u00e2teau de Puich\u00e9ric - B&amp;B","description":"Castle Carcassonne","publisher":{"@id":"https:\/\/www.chateaudepuicheric.fr\/en\/#organization"},"potentialAction":[{"@type":"SearchAction","target":{"@type":"EntryPoint","urlTemplate":"https:\/\/www.chateaudepuicheric.fr\/en\/?s={search_term_string}"},"query-input":{"@type":"PropertyValueSpecification","valueRequired":true,"valueName":"search_term_string"}}],"inLanguage":"en-US"},{"@type":"Organization","@id":"https:\/\/www.chateaudepuicheric.fr\/en\/#organization","name":"Ch\u00e2teau de Puich\u00e9ric - B&amp;B","url":"https:\/\/www.chateaudepuicheric.fr\/en\/","logo":{"@type":"ImageObject","inLanguage":"en-US","@id":"https:\/\/www.chateaudepuicheric.fr\/en\/#\/schema\/logo\/image\/","url":"https:\/\/www.chateaudepuicheric.fr\/en\/wp-content\/media\/sites\/3\/Logo-Ch\u00e2teau-de-Puich\u00e9ric-4.png","contentUrl":"https:\/\/www.chateaudepuicheric.fr\/en\/wp-content\/media\/sites\/3\/Logo-Ch\u00e2teau-de-Puich\u00e9ric-4.png","width":1170,"height":155,"caption":"Ch\u00e2teau de Puich\u00e9ric - B&amp;B"},"image":{"@id":"https:\/\/www.chateaudepuicheric.fr\/en\/#\/schema\/logo\/image\/"}}]}},"_links":{"self":[{"href":"https:\/\/www.chateaudepuicheric.fr\/en\/wp-json\/wp\/v2\/pages\/29","targetHints":{"allow":["GET"]}}],"collection":[{"href":"https:\/\/www.chateaudepuicheric.fr\/en\/wp-json\/wp\/v2\/pages"}],"about":[{"href":"https:\/\/www.chateaudepuicheric.fr\/en\/wp-json\/wp\/v2\/types\/page"}],"author":[{"embeddable":true,"href":"https:\/\/www.chateaudepuicheric.fr\/en\/wp-json\/wp\/v2\/users\/1"}],"replies":[{"embeddable":true,"href":"https:\/\/www.chateaudepuicheric.fr\/en\/wp-json\/wp\/v2\/comments?post=29"}],"version-history":[{"count":0,"href":"https:\/\/www.chateaudepuicheric.fr\/en\/wp-json\/wp\/v2\/pages\/29\/revisions"}],"wp:featuredmedia":[{"embeddable":true,"href":"https:\/\/www.chateaudepuicheric.fr\/en\/wp-json\/wp\/v2\/media\/2179"}],"wp:attachment":[{"href":"https:\/\/www.chateaudepuicheric.fr\/en\/wp-json\/wp\/v2\/media?parent=29"}],"curies":[{"name":"wp","href":"https:\/\/api.w.org\/{rel}","templated":true}]}}